{"id":16631,"date":"2026-03-11T11:08:10","date_gmt":"2026-03-11T09:08:10","guid":{"rendered":"https:\/\/www.nou-us.com\/?page_id=16631"},"modified":"2026-03-11T11:08:13","modified_gmt":"2026-03-11T09:08:13","slug":"diseno-a-fuego-lento-4","status":"publish","type":"page","link":"https:\/\/www.nou-us.com\/es\/diseno-a-fuego-lento-4\/","title":{"rendered":"DISE\u00d1O A FUEGO LENTO"},"content":{"rendered":"<div class=\"wpb-content-wrapper\"><p>[vc_row css_animation=\u00bb\u00bb row_type=\u00bbrow\u00bb use_row_as_full_screen_section=\u00bbno\u00bb type=\u00bbfull_width\u00bb angled_section=\u00bbno\u00bb text_align=\u00bbleft\u00bb background_image_as_pattern=\u00bbwithout_pattern\u00bb css=\u00bb.vc_custom_1760515469768{background-image: url(https:\/\/www.nou-us.com\/wp-content\/uploads\/2025\/10\/nou-us-disseny-interiors-disseny-a-foc-lent-capcalera.jpg?id=16052) !important;}\u00bb z_index=\u00bb\u00bb][vc_column][vc_empty_space height=\u00bb250&#8243;][vc_column_text css=\u00bb\u00bb]<\/p>\n<h1 style=\"text-align: center;\"><span style=\"color: #ffffff;\">dise\u00f1o a fuego lento<\/span><\/h1>\n<p>[\/vc_column_text][vc_column_text css=\u00bb\u00bb]<\/p>\n<p style=\"text-align: center;\"><span style=\"color: #ffffff;\"><a style=\"color: #ffffff;\" href=\"\/es\">inicio<\/a> \/\/ dise\u00f1o a fuego lento<\/span><\/p>\n<p>[\/vc_column_text][vc_empty_space height=\u00bb250&#8243;][\/vc_column][\/vc_row][vc_row css_animation=\u00bb\u00bb row_type=\u00bbrow\u00bb use_row_as_full_screen_section=\u00bbno\u00bb type=\u00bbfull_width\u00bb angled_section=\u00bbno\u00bb text_align=\u00bbleft\u00bb background_image_as_pattern=\u00bbwithout_pattern\u00bb css=\u00bb.vc_custom_1759398042439{background-color: #E8E3E1 !important;}\u00bb z_index=\u00bb\u00bb][vc_column offset=\u00bbvc_hidden-xs\u00bb][vc_separator type=\u00bbnormal\u00bb color=\u00bb#7F6C66&#8243; thickness=\u00bb1&#8243; up=\u00bb0&#8243; down=\u00bb0&#8243;][vc_empty_space height=\u00bb100&#8243;][vc_separator type=\u00bbnormal\u00bb color=\u00bb#7F6C66&#8243; thickness=\u00bb1&#8243; up=\u00bb0&#8243; down=\u00bb0&#8243;][\/vc_column][\/vc_row][vc_row css_animation=\u00bb\u00bb row_type=\u00bbrow\u00bb use_row_as_full_screen_section=\u00bbno\u00bb type=\u00bbfull_width\u00bb angled_section=\u00bbno\u00bb text_align=\u00bbleft\u00bb background_image_as_pattern=\u00bbwithout_pattern\u00bb][vc_column offset=\u00bbvc_hidden-xs\u00bb][vc_empty_space height=\u00bb75&#8243;][\/vc_column][\/vc_row][vc_row css_animation=\u00bb\u00bb row_type=\u00bbrow\u00bb use_row_as_full_screen_section=\u00bbno\u00bb type=\u00bbgrid\u00bb angled_section=\u00bbno\u00bb text_align=\u00bbleft\u00bb background_image_as_pattern=\u00bbwithout_pattern\u00bb z_index=\u00bb\u00bb anchor=\u00bbinici\u00bb][vc_column width=\u00bb2\/5&#8243;][vc_row_inner row_type=\u00bbrow\u00bb type=\u00bbfull_width\u00bb text_align=\u00bbleft\u00bb css_animation=\u00bb\u00bb][vc_column_inner width=\u00bb1\/4&#8243;][vc_empty_space height=\u00bb50&#8243;][vc_single_image image=\u00bb16244&#8243; img_size=\u00bbfull\u00bb css=\u00bb\u00bb qode_css_animation=\u00bb\u00bb][vc_empty_space height=\u00bb50&#8243;][\/vc_column_inner][vc_column_inner width=\u00bb3\/4&#8243;][vc_column_text css=\u00bb\u00bb]INICIO<br \/>\nOBJETIVO[\/vc_column_text][vc_column_text css=\u00bb\u00bb]<\/p>\n<h2>diagn\u00f3stico<\/h2>\n<p>[\/vc_column_text][vc_empty_space height=\u00bb50&#8243;][\/vc_column_inner][\/vc_row_inner][\/vc_column][vc_column width=\u00bb3\/5&#8243;][vc_column_text css=\u00bb.vc_custom_1761907737907{padding-left: 5% !important;}\u00bb]<strong>Analizar<\/strong> las necesidades formales y est\u00e9ticas del espacio, mediante un di\u00e1logo que nos permita llegar a la conceptualizaci\u00f3n del proyecto. <strong>Conocer<\/strong> el espacio, los gustos, las preferencias funcionales y los l\u00edmites de presupuesto. <strong>Empatizar<\/strong> con sus necesidades reales para poder crear un dise\u00f1o m\u00e1s adecuado para usted y conectar con las emociones del espacio. (<em>Entrega de cuestionario<\/em>) <strong>Toma de datos:<\/strong> medidas y fotograf\u00edas de las \u00e1reas de intervenci\u00f3n. A partir de aqu\u00ed podremos <strong>cotizar los honorarios profesionales<\/strong><strong>.<\/strong>[\/vc_column_text][vc_empty_space height=\u00bb50&#8243;][vc_separator type=\u00bbnormal\u00bb color=\u00bb#7F6C66&#8243; thickness=\u00bb1&#8243; up=\u00bb0&#8243; down=\u00bb0&#8243;][\/vc_column][\/vc_row][vc_row css_animation=\u00bb\u00bb row_type=\u00bbrow\u00bb use_row_as_full_screen_section=\u00bbno\u00bb type=\u00bbgrid\u00bb angled_section=\u00bbno\u00bb text_align=\u00bbleft\u00bb background_image_as_pattern=\u00bbwithout_pattern\u00bb z_index=\u00bb\u00bb anchor=\u00bbplanificacio\u00bb][vc_column width=\u00bb2\/5&#8243;][vc_row_inner row_type=\u00bbrow\u00bb type=\u00bbfull_width\u00bb text_align=\u00bbleft\u00bb css_animation=\u00bb\u00bb][vc_column_inner width=\u00bb1\/4&#8243;][vc_empty_space height=\u00bb60&#8243;][vc_single_image image=\u00bb16245&#8243; img_size=\u00bbfull\u00bb css=\u00bb\u00bb qode_css_animation=\u00bb\u00bb][vc_empty_space height=\u00bb60&#8243;][\/vc_column_inner][vc_column_inner width=\u00bb3\/4&#8243;][vc_column_text css=\u00bb\u00bb]PLANIFICACI\u00d3N<br \/>\nCONCEPTO[\/vc_column_text][vc_column_text css=\u00bb\u00bb]<\/p>\n<h2>dise\u00f1o conceptual<\/h2>\n<p>[\/vc_column_text][\/vc_column_inner][\/vc_row_inner][\/vc_column][vc_column width=\u00bb3\/5&#8243;][vc_empty_space height=\u00bb50&#8243;][vc_column_text css=\u00bb.vc_custom_1761908097849{padding-left: 5% !important;}\u00bb]A partir de su informaci\u00f3n, se desarrolla un <strong>concepto<\/strong> que integra todas las necesidades del dise\u00f1o. <strong>INSPIRA&#8217;T:<\/strong> selecci\u00f3n de ambientes, estilos, texturas y colores. Presentaci\u00f3n del <strong>tablero de inspiraci\u00f3n<\/strong> y <strong>planos 2D<\/strong> con propuestas de distribuci\u00f3n para dar forma al espacio. Plasmar las primeras ideas que, en su caso, dar\u00e1n paso al proyecto definitivo.[\/vc_column_text][vc_empty_space height=\u00bb50&#8243;][vc_separator type=\u00bbnormal\u00bb color=\u00bb#7F6C66&#8243; thickness=\u00bb1&#8243; up=\u00bb0&#8243; down=\u00bb0&#8243;][\/vc_column][\/vc_row][vc_row css_animation=\u00bb\u00bb row_type=\u00bbrow\u00bb use_row_as_full_screen_section=\u00bbno\u00bb type=\u00bbgrid\u00bb angled_section=\u00bbno\u00bb text_align=\u00bbleft\u00bb background_image_as_pattern=\u00bbwithout_pattern\u00bb z_index=\u00bb\u00bb anchor=\u00bbexecucio\u00bb][vc_column width=\u00bb2\/5&#8243;][vc_row_inner row_type=\u00bbrow\u00bb type=\u00bbfull_width\u00bb text_align=\u00bbleft\u00bb css_animation=\u00bb\u00bb][vc_column_inner width=\u00bb1\/4&#8243;][vc_single_image image=\u00bb16222&#8243; img_size=\u00bbfull\u00bb css=\u00bb\u00bb qode_css_animation=\u00bb\u00bb][\/vc_column_inner][vc_column_inner width=\u00bb3\/4&#8243;][vc_empty_space height=\u00bb60&#8243;][vc_column_text css=\u00bb\u00bb]EJECUCI\u00d3N<br \/>\nESTRUCTURA[\/vc_column_text][vc_column_text css=\u00bb\u00bb]<\/p>\n<h2>proyecto t\u00e9cnico<\/h2>\n<p>[\/vc_column_text][\/vc_column_inner][\/vc_row_inner][\/vc_column][vc_column width=\u00bb3\/5&#8243;][vc_empty_space height=\u00bb50&#8243;][vc_column_text css=\u00bb.vc_custom_1761908161711{padding-left: 5% !important;}\u00bb]Desarrollo del proyecto final, basado en la documentaci\u00f3n gr\u00e1fica y t\u00e9cnica necesaria para su ejecuci\u00f3n. Incluye la elaboraci\u00f3n de <strong>planos de detalles constructivos, planos de instalaciones, moldeado 3D y renders<\/strong>. Se incorpora tambi\u00e9n la <strong>documentaci\u00f3n escrita<\/strong>: memoria, instrucciones y especificaciones del proyecto, para garantizar el control de todos los detalles del encargo.[\/vc_column_text][vc_empty_space height=\u00bb50&#8243;][vc_separator type=\u00bbnormal\u00bb color=\u00bb#7F6C66&#8243; thickness=\u00bb1&#8243; up=\u00bb0&#8243; down=\u00bb0&#8243;][\/vc_column][\/vc_row][vc_row css_animation=\u00bb\u00bb row_type=\u00bbrow\u00bb use_row_as_full_screen_section=\u00bbno\u00bb type=\u00bbgrid\u00bb angled_section=\u00bbno\u00bb text_align=\u00bbleft\u00bb background_image_as_pattern=\u00bbwithout_pattern\u00bb z_index=\u00bb\u00bb anchor=\u00bbelaboracio\u00bb][vc_column width=\u00bb2\/5&#8243;][vc_row_inner row_type=\u00bbrow\u00bb type=\u00bbfull_width\u00bb text_align=\u00bbleft\u00bb css_animation=\u00bb\u00bb][vc_column_inner width=\u00bb1\/4&#8243;][vc_single_image image=\u00bb16221&#8243; img_size=\u00bbfull\u00bb css=\u00bb\u00bb qode_css_animation=\u00bb\u00bb][\/vc_column_inner][vc_column_inner width=\u00bb3\/4&#8243;][vc_empty_space height=\u00bb60&#8243;][vc_column_text css=\u00bb\u00bb]ELABORACI\u00d3N<br \/>\nVALORACI\u00d3N[\/vc_column_text][vc_column_text css=\u00bb\u00bb]<\/p>\n<h2>gesti\u00f3n y control<\/h2>\n<p>[\/vc_column_text][\/vc_column_inner][\/vc_row_inner][\/vc_column][vc_column width=\u00bb3\/5&#8243;][vc_empty_space height=\u00bb50&#8243;][vc_column_text css=\u00bb.vc_custom_1761908206396{padding-left: 5% !important;}\u00bb]Economizar el dise\u00f1o es tarea compleja pero imprescindible para alcanzar el <strong>coste de calidad<\/strong>, de acuerdo con la inversi\u00f3n prevista por el cliente. B\u00fasqueda de <strong>proveedores e industriales<\/strong> seg\u00fan el Proyecto T\u00e9cnico, para conseguir <strong>costes y plazos optimizados<\/strong>. Entrega de <strong>presupuestos detallados por partidas de los industriales,\u00a0instaladores y proveedores. <\/strong>Se realiza <strong>revisi\u00f3n partida por partida<\/strong> para garantizar la correcta planificaci\u00f3n econ\u00f3mica.[\/vc_column_text][vc_empty_space height=\u00bb50&#8243;][vc_separator type=\u00bbnormal\u00bb color=\u00bb#7F6C66&#8243; thickness=\u00bb1&#8243; up=\u00bb0&#8243; down=\u00bb0&#8243;][\/vc_column][\/vc_row][vc_row css_animation=\u00bb\u00bb row_type=\u00bbrow\u00bb use_row_as_full_screen_section=\u00bbno\u00bb type=\u00bbfull_width\u00bb angled_section=\u00bbno\u00bb text_align=\u00bbleft\u00bb background_image_as_pattern=\u00bbwithout_pattern\u00bb][vc_column offset=\u00bbvc_hidden-lg vc_hidden-md vc_hidden-sm\u00bb][vc_empty_space height=\u00bb50&#8243;][\/vc_column][\/vc_row][vc_row css_animation=\u00bb\u00bb row_type=\u00bbrow\u00bb use_row_as_full_screen_section=\u00bbno\u00bb type=\u00bbgrid\u00bb angled_section=\u00bbno\u00bb text_align=\u00bbleft\u00bb background_image_as_pattern=\u00bbwithout_pattern\u00bb z_index=\u00bb\u00bb anchor=\u00bbimplementacio\u00bb][vc_column width=\u00bb2\/5&#8243;][vc_row_inner row_type=\u00bbrow\u00bb type=\u00bbfull_width\u00bb text_align=\u00bbleft\u00bb css_animation=\u00bb\u00bb][vc_column_inner width=\u00bb1\/4&#8243;][vc_single_image image=\u00bb16220&#8243; img_size=\u00bbfull\u00bb css=\u00bb\u00bb qode_css_animation=\u00bb\u00bb][\/vc_column_inner][vc_column_inner width=\u00bb3\/4&#8243;][vc_empty_space height=\u00bb60&#8243;][vc_column_text css=\u00bb\u00bb]IMPLEMENTACI\u00d3N Y COORDINACI\u00d3N[\/vc_column_text][vc_column_text css=\u00bb\u00bb]<\/p>\n<h2>supervisi\u00f3n de obra y montaje<\/h2>\n<p>[\/vc_column_text][\/vc_column_inner][\/vc_row_inner][\/vc_column][vc_column width=\u00bb3\/5&#8243;][vc_empty_space height=\u00bb50&#8243;][vc_column_text css=\u00bb.vc_custom_1761908244840{padding-left: 5% !important;}\u00bb]La puesta en escena del proyecto. Planificaci\u00f3n de la obra y ejecuci\u00f3n de los trabajos a realizar por diversos industriales, instaladores y montadores. Las visitas son esenciales para <strong>supervisar que el dise\u00f1o proyectado se lleve a cabo con la mayor calidad posible<\/strong>.[\/vc_column_text][vc_empty_space height=\u00bb100&#8243;][\/vc_column][\/vc_row][vc_row css_animation=\u00bb\u00bb row_type=\u00bbrow\u00bb use_row_as_full_screen_section=\u00bbno\u00bb type=\u00bbfull_width\u00bb angled_section=\u00bbno\u00bb text_align=\u00bbleft\u00bb background_image_as_pattern=\u00bbwithout_pattern\u00bb z_index=\u00bb\u00bb][vc_column][vc_separator type=\u00bbnormal\u00bb color=\u00bb#7F6C66&#8243; thickness=\u00bb1&#8243; up=\u00bb0&#8243; down=\u00bb0&#8243;][vc_empty_space height=\u00bb50&#8243;][vc_row_inner row_type=\u00bbrow\u00bb type=\u00bbfull_width\u00bb text_align=\u00bbcenter\u00bb css_animation=\u00bb\u00bb][vc_column_inner width=\u00bb1\/6&#8243;][\/vc_column_inner][vc_column_inner width=\u00bb1\/6&#8243;][\/vc_column_inner][vc_column_inner width=\u00bb1\/6&#8243;][vc_column_text css=\u00bb\u00bb]<\/p>\n<h2 style=\"text-align: center;\">\u00bfTe ayudo?<\/h2>\n<p>[\/vc_column_text][vc_empty_space height=\u00bb15&#8243;][\/vc_column_inner][vc_column_inner width=\u00bb1\/6&#8243;]<a  itemprop=\"url\" href=\"\/contacte\" target=\"_self\" data-hover-background-color=\"#4D4D4D\" data-hover-border-color=\"#4D4D4D\" data-hover-color=\"#FFFFFF\" class=\"qbutton  default\" style=\"color: #FFFFFF; border-color: #7F6C66; border-radius: 20px;-moz-border-radius: 20px;-webkit-border-radius: 20px; background-color:#7F6C66;\">contacta conmigo<\/a>[\/vc_column_inner][vc_column_inner width=\u00bb1\/6&#8243;][\/vc_column_inner][vc_column_inner width=\u00bb1\/6&#8243;][\/vc_column_inner][\/vc_row_inner][vc_empty_space height=\u00bb50&#8243;][vc_separator type=\u00bbnormal\u00bb color=\u00bb#7F6C66&#8243; thickness=\u00bb1&#8243; up=\u00bb0&#8243; down=\u00bb0&#8243;][\/vc_column][\/vc_row][vc_row css_animation=\u00bb\u00bb row_type=\u00bbrow\u00bb use_row_as_full_screen_section=\u00bbno\u00bb type=\u00bbfull_width\u00bb angled_section=\u00bbno\u00bb text_align=\u00bbleft\u00bb background_image_as_pattern=\u00bbwithout_pattern\u00bb z_index=\u00bb\u00bb css=\u00bb.vc_custom_1759995915306{background-color: #E8E3E1 !important;}\u00bb][vc_column width=\u00bb2\/5&#8243; offset=\u00bbvc_hidden-xs\u00bb][vc_single_image image=\u00bb16230&#8243; img_size=\u00bbfull\u00bb css=\u00bb\u00bb qode_css_animation=\u00bb\u00bb][\/vc_column][vc_column width=\u00bb2\/5&#8243; offset=\u00bbvc_hidden-xs\u00bb][vc_empty_space height=\u00bb75&#8243;][vc_single_image image=\u00bb16235&#8243; img_size=\u00bbfull\u00bb css=\u00bb\u00bb qode_css_animation=\u00bb\u00bb][vc_empty_space height=\u00bb20&#8243;][vc_column_text css=\u00bb\u00bb]<\/p>\n<h2>materializando sus sue\u00f1os<\/h2>\n<p>[\/vc_column_text][vc_empty_space height=\u00bb50&#8243;][vc_column_text css=\u00bb\u00bb]Personalizo los espacios desde el asesoramiento inicial hasta la ejecuci\u00f3n del proyecto. Busco la distribuci\u00f3n \u00f3ptima y la organizaci\u00f3n funcional para que cada elemento tenga su sitio.<\/p>\n<p>&nbsp;<\/p>\n<p>No s\u00f3lo hago decoraci\u00f3n, sino que dise\u00f1o interiores y ampliaciones, modelando el espacio para conseguir la m\u00e1xima funcionalidad.<\/p>\n<p>&nbsp;<\/p>\n<p>Aporto soluciones creativas y sostenibles, reduzco preocupaciones, optimizo costes y presupuestos y permito visualizar el resultado antes de empezar.<\/p>\n<p>&nbsp;<\/p>\n<p>Me encargo de la gesti\u00f3n integral del proyecto para que cada detalle est\u00e9 bajo control.<\/p>\n<p>&nbsp;<\/p>\n<p>Una buena decisi\u00f3n a tiempo evita futuras reformas y asegura una inversi\u00f3n con valor.[\/vc_column_text][vc_empty_space height=\u00bb75&#8243;][\/vc_column][vc_column width=\u00bb1\/5&#8243; offset=\u00bbvc_hidden-xs\u00bb][\/vc_column][\/vc_row][vc_row css_animation=\u00bb\u00bb row_type=\u00bbrow\u00bb use_row_as_full_screen_section=\u00bbno\u00bb type=\u00bbfull_width\u00bb angled_section=\u00bbno\u00bb text_align=\u00bbleft\u00bb background_image_as_pattern=\u00bbwithout_pattern\u00bb z_index=\u00bb\u00bb css=\u00bb.vc_custom_1760601347591{background-color: #E8E3E1 !important;}\u00bb][vc_column width=\u00bb1\/2&#8243; offset=\u00bbvc_hidden-lg vc_hidden-md vc_hidden-sm\u00bb][vc_single_image image=\u00bb16230&#8243; img_size=\u00bbfull\u00bb css=\u00bb\u00bb qode_css_animation=\u00bb\u00bb][\/vc_column][vc_column width=\u00bb1\/2&#8243; offset=\u00bbvc_hidden-lg vc_hidden-md vc_hidden-sm\u00bb css=\u00bb.vc_custom_1760601428152{padding-right: 10% !important;padding-left: 10% !important;}\u00bb][vc_empty_space height=\u00bb75&#8243;][vc_single_image image=\u00bb16235&#8243; img_size=\u00bbfull\u00bb css=\u00bb\u00bb qode_css_animation=\u00bb\u00bb][vc_empty_space height=\u00bb20&#8243;][vc_column_text css=\u00bb\u00bb]<\/p>\n<h2>materializando sus sue\u00f1os<\/h2>\n<p>[\/vc_column_text][vc_empty_space height=\u00bb50&#8243;][vc_column_text css=\u00bb\u00bb]Personalizo los espacios desde el asesoramiento inicial hasta la ejecuci\u00f3n del proyecto. Busco la distribuci\u00f3n \u00f3ptima y la organizaci\u00f3n funcional para que cada elemento tenga su sitio.<\/p>\n<p>&nbsp;<\/p>\n<p>No s\u00f3lo hago decoraci\u00f3n, sino que dise\u00f1o interiores y ampliaciones, modelando el espacio para conseguir la m\u00e1xima funcionalidad.<\/p>\n<p>&nbsp;<\/p>\n<p>Aporto soluciones creativas y sostenibles, reduzco preocupaciones, optimizo costes y presupuestos y permito visualizar el resultado antes de empezar.<\/p>\n<p>&nbsp;<\/p>\n<p>Me encargo de la gesti\u00f3n integral del proyecto para que cada detalle est\u00e9 bajo control.<\/p>\n<p>&nbsp;<\/p>\n<p>Una buena decisi\u00f3n a tiempo evita futuras reformas y asegura una inversi\u00f3n con valor.[\/vc_column_text][vc_empty_space height=\u00bb75&#8243;][\/vc_column][\/vc_row][vc_row css_animation=\u00bb\u00bb row_type=\u00bbrow\u00bb use_row_as_full_screen_section=\u00bbno\u00bb type=\u00bbfull_width\u00bb angled_section=\u00bbno\u00bb text_align=\u00bbleft\u00bb background_image_as_pattern=\u00bbwithout_pattern\u00bb css=\u00bb.vc_custom_1759398042439{background-color: #E8E3E1 !important;}\u00bb z_index=\u00bb\u00bb][vc_column][vc_separator type=\u00bbnormal\u00bb color=\u00bb#7F6C66&#8243; thickness=\u00bb1&#8243; up=\u00bb0&#8243; down=\u00bb0&#8243;][\/vc_column][\/vc_row][vc_row css_animation=\u00bb\u00bb row_type=\u00bbrow\u00bb use_row_as_full_screen_section=\u00bbno\u00bb type=\u00bbfull_width\u00bb angled_section=\u00bbno\u00bb text_align=\u00bbleft\u00bb background_image_as_pattern=\u00bbwithout_pattern\u00bb z_index=\u00bb\u00bb css=\u00bb.vc_custom_1759996020147{background-color: #E8E3E1 !important;}\u00bb][vc_column width=\u00bb1\/5&#8243; offset=\u00bbvc_hidden-xs\u00bb][\/vc_column][vc_column width=\u00bb1\/5&#8243; offset=\u00bbvc_hidden-xs\u00bb][vc_empty_space height=\u00bb75&#8243;][vc_single_image image=\u00bb16239&#8243; img_size=\u00bbfull\u00bb css=\u00bb.vc_custom_1760093196623{margin-left: -50px !important;}\u00bb qode_css_animation=\u00bb\u00bb][vc_single_image image=\u00bb16231&#8243; img_size=\u00bbfull\u00bb css=\u00bb\u00bb qode_css_animation=\u00bb\u00bb][vc_empty_space height=\u00bb20&#8243;][vc_column_text css=\u00bb\u00bb]<\/p>\n<h2>dise\u00f1o<\/h2>\n<p>[\/vc_column_text][vc_empty_space height=\u00bb10&#8243;][vc_column_text css=\u00bb\u00bb]DISE\u00d1AMOS ESPACIOS<br \/>\n\u00daNICOS Y FUNCIONALES,<br \/>\nCUIDANDO CADA DETALLE.[\/vc_column_text][\/vc_column][vc_column width=\u00bb3\/5&#8243; offset=\u00bbvc_hidden-xs\u00bb][vc_single_image image=\u00bb16232&#8243; img_size=\u00bbfull\u00bb alignment=\u00bbright\u00bb css=\u00bb\u00bb qode_css_animation=\u00bb\u00bb][\/vc_column][\/vc_row][vc_row css_animation=\u00bb\u00bb row_type=\u00bbrow\u00bb use_row_as_full_screen_section=\u00bbno\u00bb type=\u00bbfull_width\u00bb angled_section=\u00bbno\u00bb text_align=\u00bbleft\u00bb background_image_as_pattern=\u00bbwithout_pattern\u00bb z_index=\u00bb\u00bb css=\u00bb.vc_custom_1760601563566{background-color: #E8E3E1 !important;}\u00bb][vc_column width=\u00bb1\/2&#8243; offset=\u00bbvc_hidden-lg vc_hidden-md vc_hidden-sm\u00bb css=\u00bb.vc_custom_1760601636117{padding-left: 35% !important;}\u00bb][vc_empty_space height=\u00bb50&#8243;][vc_single_image image=\u00bb16239&#8243; img_size=\u00bbfull\u00bb css=\u00bb.vc_custom_1760093196623{margin-left: -50px !important;}\u00bb qode_css_animation=\u00bb\u00bb][vc_single_image image=\u00bb16231&#8243; img_size=\u00bbfull\u00bb css=\u00bb\u00bb qode_css_animation=\u00bb\u00bb][vc_empty_space height=\u00bb20&#8243;][vc_column_text css=\u00bb\u00bb]<\/p>\n<h2>dise\u00f1o<\/h2>\n<p>[\/vc_column_text][vc_empty_space height=\u00bb10&#8243;][vc_column_text css=\u00bb\u00bb]DISE\u00d1AMOS ESPACIOS<br \/>\n\u00daNICOS Y FUNCIONALES,<br \/>\nCUIDANDO CADA DETALLE.[\/vc_column_text][vc_empty_space height=\u00bb50&#8243;][\/vc_column][vc_column width=\u00bb1\/2&#8243; offset=\u00bbvc_hidden-lg vc_hidden-md vc_hidden-sm\u00bb][vc_single_image image=\u00bb16232&#8243; img_size=\u00bbfull\u00bb alignment=\u00bbright\u00bb css=\u00bb\u00bb qode_css_animation=\u00bb\u00bb][\/vc_column][\/vc_row][vc_row css_animation=\u00bb\u00bb row_type=\u00bbrow\u00bb use_row_as_full_screen_section=\u00bbno\u00bb type=\u00bbfull_width\u00bb angled_section=\u00bbno\u00bb text_align=\u00bbleft\u00bb background_image_as_pattern=\u00bbwithout_pattern\u00bb css=\u00bb.vc_custom_1759398042439{background-color: #E8E3E1 !important;}\u00bb z_index=\u00bb\u00bb][vc_column][vc_separator type=\u00bbnormal\u00bb color=\u00bb#7F6C66&#8243; thickness=\u00bb1&#8243; up=\u00bb0&#8243; down=\u00bb0&#8243;][\/vc_column][\/vc_row][vc_row css_animation=\u00bb\u00bb row_type=\u00bbrow\u00bb use_row_as_full_screen_section=\u00bbno\u00bb type=\u00bbgrid\u00bb angled_section=\u00bbno\u00bb text_align=\u00bbleft\u00bb background_image_as_pattern=\u00bbwithout_pattern\u00bb z_index=\u00bb\u00bb css=\u00bb.vc_custom_1761649860845{background-color: #E8E3E1 !important;}\u00bb padding_top=\u00bb50&#8243; padding_bottom=\u00bb50&#8243;][vc_column][vc_column_text css=\u00bb\u00bb]En <em data-start=\"301\" data-end=\"309\">Nou-\u00das<\/em> entendemos el interiorismo como una manera de cuidar y transformar los espacios que habitamos. Somos un <strong data-start=\"403\" data-end=\"442\">estudio de interiorismo de proximidad<\/strong> que trabaja en <strong data-start=\"458\" data-end=\"475\">Arenys de Mar<\/strong>, <strong data-start=\"477\" data-end=\"491\">El Maresme, Empord\u00e0<\/strong> y <strong data-start=\"509\" data-end=\"518\">Osona<\/strong>, creando <strong data-start=\"527\" data-end=\"551\">espacios con identidad<\/strong> que reflejan la historia y la personalidad de quien los vive. Nuestro <strong data-start=\"625\" data-end=\"648\">dise\u00f1o de interiores<\/strong> combina <strong data-start=\"657\" data-end=\"692\">belleza, funcionalidad y emoci\u00f3n<\/strong>, para que cada proyecto sea \u00fanico y lleno de sentido.<\/p>\n<p>&nbsp;<\/p>\n<p>Creemos en un <strong data-start=\"759\" data-end=\"786\">interiorismo sostenible<\/strong>, basado en el uso de <strong data-start=\"805\" data-end=\"827\">materiales naturales<\/strong>, la <strong data-start=\"832\" data-end=\"859\">conexi\u00f3n con la naturaleza<\/strong> como fuente de armon\u00eda y bienestar. Acompa\u00f1amos a nuestros clientes en <strong data-start=\"960\" data-end=\"1015\">todo el proceso de reforma integral de su vivienda<\/strong>, desde la idea inicial hasta el resultado final, poniendo atenci\u00f3n en cada detalle y en cada decisi\u00f3n.<\/p>\n<p>&nbsp;<\/p>\n<p>En <em data-start=\"1118\" data-end=\"1126\">Nou-\u00das<\/em>, trabajamos con un <strong data-start=\"1145\" data-end=\"1166\">dise\u00f1o emocional<\/strong> que transforma los espacios en experiencias vitales aut\u00e9nticas. Nos mueve la voluntad de mejorar la vida de las personas a trav\u00e9s de lugares que inspiran, acogen y explican quienes somos. Nuestro prop\u00f3sito es crear <strong data-start=\"1374\" data-end=\"1397\">espacios que inspiran<\/strong>, capaces de generar equilibrio, calma y belleza en el d\u00eda a d\u00eda.[\/vc_column_text][\/vc_column][\/vc_row]<\/p>\n<\/div>","protected":false},"excerpt":{"rendered":"<p>[vc_row css_animation=\u00bb\u00bb row_type=\u00bbrow\u00bb use_row_as_full_screen_section=\u00bbno\u00bb type=\u00bbfull_width\u00bb angled_section=\u00bbno\u00bb text_align=\u00bbleft\u00bb background_image_as_pattern=\u00bbwithout_pattern\u00bb css=\u00bb.vc_custom_1760515469768{background-image: url(https:\/\/www.nou-us.com\/wp-content\/uploads\/2025\/10\/nou-us-disseny-interiors-disseny-a-foc-lent-capcalera.jpg?id=16052) !important;}\u00bb z_index=\u00bb\u00bb][vc_column][vc_empty_space height=\u00bb250&#8243;][vc_column_text css=\u00bb\u00bb] dise\u00f1o a fuego lento [\/vc_column_text][vc_column_text css=\u00bb\u00bb] inicio \/\/ dise\u00f1o a fuego lento [\/vc_column_text][vc_empty_space height=\u00bb250&#8243;][\/vc_column][\/vc_row][vc_row css_animation=\u00bb\u00bb row_type=\u00bbrow\u00bb use_row_as_full_screen_section=\u00bbno\u00bb type=\u00bbfull_width\u00bb angled_section=\u00bbno\u00bb text_align=\u00bbleft\u00bb background_image_as_pattern=\u00bbwithout_pattern\u00bb css=\u00bb.vc_custom_1759398042439{background-color: #E8E3E1 !important;}\u00bb z_index=\u00bb\u00bb][vc_column offset=\u00bbvc_hidden-xs\u00bb][vc_separator type=\u00bbnormal\u00bb color=\u00bb#7F6C66&#8243; thickness=\u00bb1&#8243; up=\u00bb0&#8243; down=\u00bb0&#8243;][vc_empty_space&hellip; <a class=\"continue\" href=\"https:\/\/www.nou-us.com\/es\/diseno-a-fuego-lento-4\/\">>> CONTINUAR<span> DISE\u00d1O A FUEGO LENTO<\/span><\/a><\/p>\n","protected":false},"author":1,"featured_media":0,"parent":0,"menu_order":0,"comment_status":"open","ping_status":"open","template":"full_width.php","meta":{"footnotes":""},"class_list":["post-16631","page","type-page","status-publish","hentry"],"_links":{"self":[{"href":"https:\/\/www.nou-us.com\/es\/wp-json\/wp\/v2\/pages\/16631","targetHints":{"allow":["GET"]}}],"collection":[{"href":"https:\/\/www.nou-us.com\/es\/wp-json\/wp\/v2\/pages"}],"about":[{"href":"https:\/\/www.nou-us.com\/es\/wp-json\/wp\/v2\/types\/page"}],"author":[{"embeddable":true,"href":"https:\/\/www.nou-us.com\/es\/wp-json\/wp\/v2\/users\/1"}],"replies":[{"embeddable":true,"href":"https:\/\/www.nou-us.com\/es\/wp-json\/wp\/v2\/comments?post=16631"}],"version-history":[{"count":1,"href":"https:\/\/www.nou-us.com\/es\/wp-json\/wp\/v2\/pages\/16631\/revisions"}],"predecessor-version":[{"id":16632,"href":"https:\/\/www.nou-us.com\/es\/wp-json\/wp\/v2\/pages\/16631\/revisions\/16632"}],"wp:attachment":[{"href":"https:\/\/www.nou-us.com\/es\/wp-json\/wp\/v2\/media?parent=16631"}],"curies":[{"name":"wp","href":"https:\/\/api.w.org\/{rel}","templated":true}]}}