{"id":16324,"date":"2025-10-03T11:22:15","date_gmt":"2025-10-03T09:22:15","guid":{"rendered":"https:\/\/www.nou-us.com\/?page_id=16324"},"modified":"2025-10-31T15:01:33","modified_gmt":"2025-10-31T13:01:33","slug":"aviso-legal","status":"publish","type":"page","link":"https:\/\/www.nou-us.com\/es\/inicio\/aviso-legal\/","title":{"rendered":"AVISO LEGAL"},"content":{"rendered":"<div class=\"wpb-content-wrapper\"><p>[vc_row css_animation=\u00bb\u00bb row_type=\u00bbrow\u00bb use_row_as_full_screen_section=\u00bbno\u00bb type=\u00bbgrid\u00bb angled_section=\u00bbno\u00bb text_align=\u00bbleft\u00bb background_image_as_pattern=\u00bbwithout_pattern\u00bb z_index=\u00bb\u00bb padding_top=\u00bb75&#8243; padding_bottom=\u00bb75&#8243;][vc_column][vc_column_text css=\u00bb\u00bb]<\/p>\n<h1>Aviso legal<\/h1>\n<p>[\/vc_column_text][vc_column_text css=\u00bb\u00bb]<a href=\"\/es\">inicio<\/a> \/\/ aviso legal[\/vc_column_text][vc_empty_space height=\u00bb75&#8243;][vc_column_text css=\u00bb\u00bb]En cumplimiento de la Ley 34\/2002, de 11 de julio, de Servicios de la Sociedad de la Informaci\u00f3n y de Comercio Electr\u00f3nico (LSSI-CE), NOU \u00daS &#8211; ELISABET MONTORO XIBERTA informa que es titular del sitio web www.nou-us.com. De acuerdo con la exigencia del art\u00edculo 10 de la citada Ley, NOU \u00daS &#8211; ELISABET MONTORO XIBERTA informa de los siguientes datos:<\/p>\n<p>&nbsp;<\/p>\n<p>El titular de este sitio web es NOU \u00daS &#8211; ELISABET MONTORO XIBERTA, con NIF 38133053L y domicilio social en C\/ BONAIRE, 10 &#8211; 08350 ARENYS DE MAR (BARCELONA). La direcci\u00f3n de correo electr\u00f3nico de contacto con la empresa es: beth@nou-us.com.<\/p>\n<p>[vc_empty_space height=\u00bb50&#8243;]<\/p>\n<h2>Usuario y r\u00e9gimen de responsabilidades<\/h2>\n<p>[vc_separator type=\u00bbsmall\u00bb position=\u00bbleft\u00bb color=\u00bb#f4a515&#8243; thickness=\u00bb4&#8243; width=\u00bb48&#8243; up=\u00bb10&#8243; down=\u00bb50&#8243;]<\/p>\n<p>La navegaci\u00f3n, acceso y uso por el sitio web de NOU \u00daS &#8211; ELISABET MONTORO XIBERTA confiere la condici\u00f3n de usuario, por la que se aceptan, desde la navegaci\u00f3n por el sitio web de NOU \u00daS &#8211; ELISABET MONTORO XIBERTA, todas las condiciones de uso aqu\u00ed establecidas sin perjuicio de la aplicaci\u00f3n de la correspondiente normativa de obligado cumplimiento.<\/p>\n<p>&nbsp;<\/p>\n<p>El sitio web de NOU \u00daS &#8211; ELISABET MONTORO XIBERTA proporciona gran diversidad de informaci\u00f3n, servicios y datos. El usuario asume su responsabilidad en el correcto uso del sitio web. Esta responsabilidad se extender\u00e1 a:<\/p>\n<p>&nbsp;<\/p>\n<p style=\"padding-left: 40px;\">\u00b7 La veracidad y licitud de las informaciones aportadas por el usuario en los formularios facilitados por NOU \u00daS &#8211; ELISABET MONTORO XIBERTA para el acceso a determinados contenidos o servicios ofrecidos por la web.<\/p>\n<p style=\"padding-left: 40px;\">\u00b7 El uso de la informaci\u00f3n, servicios y datos ofrecidos por NOU \u00daS &#8211; ELISABET MONTORO XIBERTA contrariamente a lo dispuesto por las presentes condiciones, la Ley, la moral, las buenas costumbres o el orden p\u00fablico, o que de cualquier otra forma pueda suponer lesi\u00f3n de los derechos de terceros o del mismo funcionamiento del sitio web.<\/p>\n<p>[vc_empty_space height=\u00bb50&#8243;]<\/p>\n<h2>Pol\u00edtica de enlaces y exenciones de responsabilidad<\/h2>\n<p>[vc_separator type=\u00bbsmall\u00bb position=\u00bbleft\u00bb color=\u00bb#f4a515&#8243; thickness=\u00bb4&#8243; width=\u00bb48&#8243; up=\u00bb10&#8243; down=\u00bb50&#8243;]<\/p>\n<p>NOU \u00daS &#8211; ELISABET MONTORO XIBERTA no se hace responsable del contenido de los sitios web a los que el usuario pueda acceder a trav\u00e9s de los enlaces establecidos en su sitio web y declara que en ning\u00fan caso proceder\u00e1 a examinar o ejercitar ning\u00fan tipo de control sobre el contenido de otros sitios de la red. Asimismo, tampoco garantizar\u00e1 la disponibilidad t\u00e9cnica, exactitud, veracidad, validez o legalidad de sitios ajenos a su propiedad a los que se pueda acceder por medio de los enlaces.<\/p>\n<p>&nbsp;<\/p>\n<p>NOU \u00daS &#8211; ELISABET MONTORO XIBERTA declara haber adoptado todas las medidas necesarias para evitar cualquier da\u00f1o a los usuarios de su sitio web, que pudieran derivarse de la navegaci\u00f3n por su sitio web. En consecuencia, NOU \u00daS &#8211; ELISABET MONTORO XIBERTA no se hace responsable, en ning\u00fan caso, de los eventuales da\u00f1os que por la navegaci\u00f3n por Internet pudiera sufrir el usuario.<\/p>\n<p>[vc_empty_space height=\u00bb50&#8243;]<\/p>\n<h2>Modificaciones<\/h2>\n<p>[vc_separator type=\u00bbsmall\u00bb position=\u00bbleft\u00bb color=\u00bb#f4a515&#8243; thickness=\u00bb4&#8243; width=\u00bb48&#8243; up=\u00bb10&#8243; down=\u00bb50&#8243;]<\/p>\n<p>NOU \u00daS &#8211; ELISABET MONTORO XIBERTA se reserva el derecho a realizar las modificaciones que considere oportunas, sin previo aviso, en el contenido de su sitio web. Tanto en lo que se refiere a los contenidos del sitio web, como en las condiciones de uso del mismo. Estas modificaciones podr\u00e1n realizarse a trav\u00e9s de su sitio web por cualquier forma admisible en derecho y ser\u00e1n de obligado cumplimiento durante el tiempo en que se encuentren publicadas en la web y hasta que no sean modificadas v\u00e1lidamente por otras posteriores.<\/p>\n<p>[vc_empty_space height=\u00bb50&#8243;]<\/p>\n<h2>Protecci\u00f3n de datos<\/h2>\n<p>[vc_separator type=\u00bbsmall\u00bb position=\u00bbleft\u00bb color=\u00bb#f4a515&#8243; thickness=\u00bb4&#8243; width=\u00bb48&#8243; up=\u00bb10&#8243; down=\u00bb50&#8243;]<\/p>\n<p>De conformidad con lo que establece la normativa vigente en Protecci\u00f3n de Datos de Car\u00e1cter Personal, le informamos que sus datos ser\u00e1n incorporados al sistema de tratamiento titularidad de NOU \u00daS &#8211; ELISABET MONTORO XIBERTA con NIF 38133053L y domicilio social situado en C\/ BONAIRE, 10 &#8211; 08350 ARENYS DE y cumplir los compromisos establecidos entre ambas partes. En cumplimiento con la normativa vigente, NOU \u00daS &#8211; ELISABET MONTORO XIBERTA informa que los datos ser\u00e1n conservados durante el plazo estrictamente necesario para cumplir con los preceptos mencionados anteriormente.<\/p>\n<p>&nbsp;<\/p>\n<p>Le informamos que trataremos sus datos de acuerdo con la existencia de su consentimiento y la relaci\u00f3n contractual que mantenemos con usted.<\/p>\n<p>&nbsp;<\/p>\n<p>NOU \u00daS &#8211; ELISABET MONTORO XIBERTA informa que proceder\u00e1 a tratar los datos de forma l\u00edcita, leal, transparente, adecuada, pertinente, limitada, exacta y actualizada. Por eso NOU \u00daS &#8211; ELISABET MONTORO XIBERTA se compromete a adoptar todas las medidas razonables para que estos se supriman o rectifiquen sin dilaci\u00f3n cuando sean inexactos.<\/p>\n<p>&nbsp;<\/p>\n<p>De acuerdo con los derechos que le confiere la normativa vigente en protecci\u00f3n de datos podr\u00e1 ejercer los derechos de acceso, rectificaci\u00f3n, limitaci\u00f3n de tratamiento, supresi\u00f3n, portabilidad y oposici\u00f3n al tratamiento de sus datos de car\u00e1cter personal as\u00ed como del consentimiento prestado para el tratamiento de los mismos, dirigiendo su petici\u00f3n a la direcci\u00f3n postal arriba indicada o al correo electr\u00f3nico beth@nou-us.com.<\/p>\n<p>&nbsp;<\/p>\n<p>Podr\u00e1 dirigirse a la Autoridad de Control competente para presentar la reclamaci\u00f3n que considere oportuna.<\/p>\n<p>[vc_empty_space height=\u00bb50&#8243;]<\/p>\n<h2>Propiedad intelectual e industrial<\/h2>\n<p>[vc_separator type=\u00bbsmall\u00bb position=\u00bbleft\u00bb color=\u00bb#f4a515&#8243; thickness=\u00bb4&#8243; width=\u00bb48&#8243; up=\u00bb10&#8243; down=\u00bb50&#8243;]<\/p>\n<p>NOU \u00daS &#8211; ELISABET MONTORO XIBERTA por s\u00ed misma o como cesionaria, es titular de todos los derechos de propiedad intelectual e industrial de su p\u00e1gina web, as\u00ed como de los elementos contenidos en la misma (a t\u00edtulo enunciativo, im\u00e1genes, sonido, audio, v\u00eddeo, software o textos; marcas o logotipos, combinaciones de colores, estructura y dise\u00f1o, selecci\u00f3n de materiales etc.), titularidad de NOU \u00daS &#8211; ELISABET MONTORO XIBERTA. Ser\u00e1n, por tanto, obras protegidas como propiedad intelectual por el ordenamiento jur\u00eddico espa\u00f1ol, ser\u00e1 de aplicaci\u00f3n tanto la normativa espa\u00f1ola y comunitaria en este campo, como los tratados internacionales relativos a la materia y suscritos por Espa\u00f1a.<\/p>\n<p>&nbsp;<\/p>\n<p>Todos los derechos reservados. En virtud de lo dispuesto en la Ley de Propiedad Intelectual, quedan expresamente prohibidas la reproducci\u00f3n, distribuci\u00f3n y comunicaci\u00f3n p\u00fablica, incluida su modalidad de puesta a disposici\u00f3n, de la totalidad o parte de los contenidos de esta p\u00e1gina web, con fines comerciales, en cualquier soporte y por cualquier medio t\u00e9cnico, sin la autorizaci\u00f3n de NOU \u00daS &#8211; ELISABET MONTORO XIBERTA.<\/p>\n<p>&nbsp;<\/p>\n<p>El usuario se compromete a respetar los derechos de Propiedad Intelectual e Industrial titularidad de NOU \u00daS &#8211; ELISABET MONTORO XIBERTA. Podr\u00e1 visualizar los elementos del portal e incluso imprimirlos, copiarlos y almacenarlos en el disco duro de su ordenador o en cualquier otro soporte f\u00edsico, siempre que sea, \u00fanica y exclusivamente, para su uso personal y privado. El usuario deber\u00e1 abstenerse de suprimir, alterar, eludir o manipular cualquier dispositivo de protecci\u00f3n o sistema de seguridad que estuviera instalado en las p\u00e1ginas de NOU \u00daS &#8211; ELISABET MONTORO XIBERTA.<\/p>\n<p>[vc_empty_space height=\u00bb50&#8243;]<\/p>\n<h2>Acciones legales, legislaci\u00f3n aplicable y jurisdicci\u00f3n<\/h2>\n<p>[vc_separator type=\u00bbsmall\u00bb position=\u00bbleft\u00bb color=\u00bb#f4a515&#8243; thickness=\u00bb4&#8243; width=\u00bb48&#8243; up=\u00bb10&#8243; down=\u00bb50&#8243;]<\/p>\n<p>NOU \u00daS &#8211; ELISABET MONTORO XIBERTA se reserva, asimismo, la facultad de presentar las acciones civiles o penales que considere oportunas por la utilizaci\u00f3n indebida de su sitio web y contenidos, o por el incumplimiento de las presentes condiciones.<\/p>\n<p>&nbsp;<\/p>\n<p>La relaci\u00f3n entre el usuario y el prestamista se regir\u00e1 por la normativa vigente y de aplicaci\u00f3n en territorio espa\u00f1ol. De surgir cualquier controversia, las partes podr\u00e1n someter sus conflictos a arbitraje o acudir a la jurisdicci\u00f3n ordinaria cumpliendo con las normas sobre jurisdicci\u00f3n y competencia al respecto. NOU \u00daS &#8211; ELISABET MONTORO XIBERTA tiene su domicilio en ARENYS DE MAR, Espa\u00f1a.[\/vc_column_text][\/vc_column][\/vc_row]<\/p>\n<\/div>","protected":false},"excerpt":{"rendered":"<p>[vc_row css_animation=\u00bb\u00bb row_type=\u00bbrow\u00bb use_row_as_full_screen_section=\u00bbno\u00bb type=\u00bbgrid\u00bb angled_section=\u00bbno\u00bb text_align=\u00bbleft\u00bb background_image_as_pattern=\u00bbwithout_pattern\u00bb z_index=\u00bb\u00bb padding_top=\u00bb75&#8243; padding_bottom=\u00bb75&#8243;][vc_column][vc_column_text css=\u00bb\u00bb] Aviso legal [\/vc_column_text][vc_column_text css=\u00bb\u00bb]inicio \/\/ aviso legal[\/vc_column_text][vc_empty_space height=\u00bb75&#8243;][vc_column_text css=\u00bb\u00bb]En cumplimiento de la Ley 34\/2002, de 11 de julio, de Servicios de la Sociedad de la Informaci\u00f3n y de Comercio Electr\u00f3nico (LSSI-CE), NOU \u00daS&hellip; <a class=\"continue\" href=\"https:\/\/www.nou-us.com\/es\/inicio\/aviso-legal\/\">>> CONTINUAR<span> AVISO LEGAL<\/span><\/a><\/p>\n","protected":false},"author":1,"featured_media":0,"parent":16250,"menu_order":0,"comment_status":"open","ping_status":"open","template":"full_width.php","meta":{"footnotes":""},"class_list":["post-16324","page","type-page","status-publish","hentry"],"_links":{"self":[{"href":"https:\/\/www.nou-us.com\/es\/wp-json\/wp\/v2\/pages\/16324","targetHints":{"allow":["GET"]}}],"collection":[{"href":"https:\/\/www.nou-us.com\/es\/wp-json\/wp\/v2\/pages"}],"about":[{"href":"https:\/\/www.nou-us.com\/es\/wp-json\/wp\/v2\/types\/page"}],"author":[{"embeddable":true,"href":"https:\/\/www.nou-us.com\/es\/wp-json\/wp\/v2\/users\/1"}],"replies":[{"embeddable":true,"href":"https:\/\/www.nou-us.com\/es\/wp-json\/wp\/v2\/comments?post=16324"}],"version-history":[{"count":3,"href":"https:\/\/www.nou-us.com\/es\/wp-json\/wp\/v2\/pages\/16324\/revisions"}],"predecessor-version":[{"id":16327,"href":"https:\/\/www.nou-us.com\/es\/wp-json\/wp\/v2\/pages\/16324\/revisions\/16327"}],"up":[{"embeddable":true,"href":"https:\/\/www.nou-us.com\/es\/wp-json\/wp\/v2\/pages\/16250"}],"wp:attachment":[{"href":"https:\/\/www.nou-us.com\/es\/wp-json\/wp\/v2\/media?parent=16324"}],"curies":[{"name":"wp","href":"https:\/\/api.w.org\/{rel}","templated":true}]}}