{"id":16308,"date":"2025-10-07T12:43:47","date_gmt":"2025-10-07T10:43:47","guid":{"rendered":"https:\/\/www.nou-us.com\/?page_id=16308"},"modified":"2025-10-31T14:59:07","modified_gmt":"2025-10-31T12:59:07","slug":"contacto","status":"publish","type":"page","link":"https:\/\/www.nou-us.com\/es\/contacto\/","title":{"rendered":"CONTACTO"},"content":{"rendered":"<div class=\"wpb-content-wrapper\"><p>[vc_row css_animation=\u00bb\u00bb row_type=\u00bbrow\u00bb use_row_as_full_screen_section=\u00bbno\u00bb type=\u00bbfull_width\u00bb angled_section=\u00bbno\u00bb text_align=\u00bbleft\u00bb background_image_as_pattern=\u00bbwithout_pattern\u00bb css=\u00bb.vc_custom_1760515508721{background-image: url(https:\/\/www.nou-us.com\/wp-content\/uploads\/2025\/10\/nou-us-disseny-interiors-contacte-capcalera-2.jpg?id=16102) !important;}\u00bb z_index=\u00bb\u00bb][vc_column][vc_empty_space height=\u00bb250&#8243;][vc_column_text css=\u00bb\u00bb]<\/p>\n<h1 style=\"text-align: center;\"><span style=\"color: #ffffff;\">contacta con beth<\/span><\/h1>\n<p>[\/vc_column_text][vc_column_text css=\u00bb\u00bb]<\/p>\n<p style=\"text-align: center;\"><span style=\"color: #ffffff;\"><a style=\"color: #ffffff;\" href=\"\/es\">inicio<\/a> \/\/ contacto<\/span><\/p>\n<p>[\/vc_column_text][vc_empty_space height=\u00bb250&#8243;][\/vc_column][\/vc_row][vc_row css_animation=\u00bb\u00bb row_type=\u00bbrow\u00bb use_row_as_full_screen_section=\u00bbno\u00bb type=\u00bbfull_width\u00bb angled_section=\u00bbno\u00bb text_align=\u00bbleft\u00bb background_image_as_pattern=\u00bbwithout_pattern\u00bb css=\u00bb.vc_custom_1759398042439{background-color: #E8E3E1 !important;}\u00bb z_index=\u00bb\u00bb][vc_column][vc_separator type=\u00bbnormal\u00bb color=\u00bb#7F6C66&#8243; thickness=\u00bb1&#8243; up=\u00bb0&#8243; down=\u00bb0&#8243;][vc_empty_space height=\u00bb100&#8243;][vc_separator type=\u00bbnormal\u00bb color=\u00bb#7F6C66&#8243; thickness=\u00bb1&#8243; up=\u00bb0&#8243; down=\u00bb0&#8243;][\/vc_column][\/vc_row][vc_row css_animation=\u00bb\u00bb row_type=\u00bbrow\u00bb use_row_as_full_screen_section=\u00bbno\u00bb type=\u00bbgrid\u00bb angled_section=\u00bbno\u00bb text_align=\u00bbleft\u00bb background_image_as_pattern=\u00bbwithout_pattern\u00bb z_index=\u00bb\u00bb padding_top=\u00bb75&#8243; padding_bottom=\u00bb75&#8243; anchor=\u00bbinici\u00bb][vc_column width=\u00bb1\/2&#8243;][vc_single_image image=\u00bb16202&#8243; img_size=\u00bbfull\u00bb css=\u00bb\u00bb qode_css_animation=\u00bb\u00bb][vc_empty_space height=\u00bb20&#8243;][vc_column_text css=\u00bb\u00bb]<\/p>\n<h2>C\u00f3mo contactarme<\/h2>\n<p>[\/vc_column_text][vc_empty_space height=\u00bb25&#8243;][vc_column_text css=\u00bb\u00bb]Elisabet Montoro Xiberta<br \/>\n686 98 03 16<br \/>\ninfo@nou-us.com<br \/>\nC\/ Bonaire, 10<br \/>\n08350 Arenys de Mar[\/vc_column_text][\/vc_column][vc_column width=\u00bb1\/2&#8243;][vc_column_text css=\u00bb\u00bb]<style id=\"wpforms-css-vars-16314\">\n\t\t\t\t#wpforms-16314 {\n\t\t\t\t--wpforms-container-padding: 0px;\n--wpforms-container-border-width: 1px;\n--wpforms-container-border-radius: 3px;\n--wpforms-background-color: rgba(0, 0, 0, 0);\n--wpforms-field-size-input-height: 43px;\n--wpforms-field-size-input-spacing: 15px;\n--wpforms-field-size-font-size: 16px;\n--wpforms-field-size-line-height: 19px;\n--wpforms-field-size-padding-h: 14px;\n--wpforms-field-size-checkbox-size: 16px;\n--wpforms-field-size-sublabel-spacing: 5px;\n--wpforms-field-size-icon-size: 1;\n--wpforms-label-size-font-size: 16px;\n--wpforms-label-size-line-height: 19px;\n--wpforms-label-size-sublabel-font-size: 14px;\n--wpforms-label-size-sublabel-line-height: 17px;\n--wpforms-button-size-font-size: 17px;\n--wpforms-button-size-height: 41px;\n--wpforms-button-size-padding-h: 15px;\n--wpforms-button-size-margin-top: 10px;\n--wpforms-container-shadow-size-box-shadow: none;\n\t\t\t}\n\t\t\t<\/style><div class=\"wpforms-container wpforms-container-full wpforms-render-modern\" id=\"wpforms-16314\"><form id=\"wpforms-form-16314\" class=\"wpforms-validate wpforms-form wpforms-ajax-form\" data-formid=\"16314\" method=\"post\" enctype=\"multipart\/form-data\" action=\"\/es\/wp-json\/wp\/v2\/pages\/16308\" data-token=\"43c7b6a2b8016c316d99ab4582115729\" data-token-time=\"1776521577\"><noscript class=\"wpforms-error-noscript\">Por favor, activa JavaScript en tu navegador para completar este formulario.<\/noscript><div id=\"wpforms-error-noscript\" style=\"display: none;\">Por favor, activa JavaScript en tu navegador para completar este formulario.<\/div><div class=\"wpforms-field-container\"><div id=\"wpforms-16314-field_1-container\" class=\"wpforms-field wpforms-field-name\" data-field-id=\"1\"><label class=\"wpforms-field-label\" for=\"wpforms-16314-field_1\">NOMBRE Y APELLIDOS <span class=\"wpforms-required-label\" aria-hidden=\"true\">*<\/span><\/label><input type=\"text\" id=\"wpforms-16314-field_1\" class=\"wpforms-field-large wpforms-field-required\" name=\"wpforms[fields][1]\" aria-errormessage=\"wpforms-16314-field_1-error\" required><\/div><div id=\"wpforms-16314-field_4-container\" class=\"wpforms-field wpforms-field-text\" data-field-id=\"4\"><label class=\"wpforms-field-label\" for=\"wpforms-16314-field_4\">TEL\u00c9FONO DE CONTACTO <span class=\"wpforms-required-label\" aria-hidden=\"true\">*<\/span><\/label><input type=\"text\" id=\"wpforms-16314-field_4\" class=\"wpforms-field-large wpforms-field-required\" name=\"wpforms[fields][4]\" aria-errormessage=\"wpforms-16314-field_4-error\" required><\/div><div id=\"wpforms-16314-field_2-container\" class=\"wpforms-field wpforms-field-email\" data-field-id=\"2\"><label class=\"wpforms-field-label\" for=\"wpforms-16314-field_2\">CORRECO ELECTR\u00d3NICO <span class=\"wpforms-required-label\" aria-hidden=\"true\">*<\/span><\/label><input type=\"email\" id=\"wpforms-16314-field_2\" class=\"wpforms-field-large wpforms-field-required\" name=\"wpforms[fields][2]\" spellcheck=\"false\" aria-errormessage=\"wpforms-16314-field_2-error\" required><\/div>\t\t<div id=\"wpforms-16314-field_6-container\"\n\t\t\tclass=\"wpforms-field wpforms-field-text\"\n\t\t\tdata-field-type=\"text\"\n\t\t\tdata-field-id=\"6\"\n\t\t\t>\n\t\t\t<label class=\"wpforms-field-label\" for=\"wpforms-16314-field_6\" >APELLIDOS NOMBRE ELECTR\u00d3NICO<\/label>\n\t\t\t<input type=\"text\" id=\"wpforms-16314-field_6\" class=\"wpforms-field-medium\" name=\"wpforms[fields][6]\" >\n\t\t<\/div>\n\t\t<div id=\"wpforms-16314-field_3-container\" class=\"wpforms-field wpforms-field-textarea\" data-field-id=\"3\"><label class=\"wpforms-field-label\" for=\"wpforms-16314-field_3\">QU\u00c9 ME QUIERES DECIR <span class=\"wpforms-required-label\" aria-hidden=\"true\">*<\/span><\/label><textarea id=\"wpforms-16314-field_3\" class=\"wpforms-field-medium wpforms-field-required\" name=\"wpforms[fields][3]\" aria-errormessage=\"wpforms-16314-field_3-error\" required><\/textarea><\/div><div id=\"wpforms-16314-field_5-container\" class=\"wpforms-field wpforms-field-radio\" data-field-id=\"5\"><fieldset><legend class=\"wpforms-field-label\">COMUNICACIONES<\/legend><ul id=\"wpforms-16314-field_5\"><li class=\"choice-1 depth-1\"><input type=\"radio\" id=\"wpforms-16314-field_5_1\" name=\"wpforms[fields][5]\" value=\"He le\u00eddo y acepto recibir publicidad o informaci\u00f3n promocional de NOU \u00daS \u2013 ELISABET MONTORO XIBERTA\" aria-errormessage=\"wpforms-16314-field_5_1-error\"  ><label class=\"wpforms-field-label-inline\" for=\"wpforms-16314-field_5_1\">He le\u00eddo y acepto recibir publicidad o informaci\u00f3n promocional de NOU \u00daS \u2013 ELISABET MONTORO XIBERTA<\/label><\/li><li class=\"choice-2 depth-1\"><input type=\"radio\" id=\"wpforms-16314-field_5_2\" name=\"wpforms[fields][5]\" value=\"He le\u00eddo y NO acepto recibir publicidad o informaci\u00f3n promocional de NOU \u00daS \u2013 ELISABET MONTORO XIBERTA\" aria-errormessage=\"wpforms-16314-field_5_2-error\"  ><label class=\"wpforms-field-label-inline\" for=\"wpforms-16314-field_5_2\">He le\u00eddo y NO acepto recibir publicidad o informaci\u00f3n promocional de NOU \u00daS \u2013 ELISABET MONTORO XIBERTA<\/label><\/li><\/ul><\/fieldset><\/div><script>\n\t\t\t\t( function() {\n\t\t\t\t\tconst style = document.createElement( 'style' );\n\t\t\t\t\tstyle.appendChild( document.createTextNode( '#wpforms-16314-field_6-container { position: absolute !important; overflow: hidden !important; display: inline !important; height: 1px !important; width: 1px !important; z-index: -1000 !important; padding: 0 !important; } #wpforms-16314-field_6-container input { visibility: hidden; } #wpforms-conversational-form-page #wpforms-16314-field_6-container label { counter-increment: none; }' ) );\n\t\t\t\t\tdocument.head.appendChild( style );\n\t\t\t\t\tdocument.currentScript?.remove();\n\t\t\t\t} )();\n\t\t\t<\/script><\/div><!-- .wpforms-field-container --><div class=\"wpforms-recaptcha-container wpforms-is-turnstile\" ><div class=\"wpforms-turnstile\" data-sitekey=\"0x4AAAAAAB6sTHpVB1qsppSj\" data-action=\"FormID-16314\"><\/div><input type=\"text\" name=\"g-recaptcha-hidden\" class=\"wpforms-recaptcha-hidden\" style=\"position:absolute!important;clip:rect(0,0,0,0)!important;height:1px!important;width:1px!important;border:0!important;overflow:hidden!important;padding:0!important;margin:0!important;\" data-rule-turnstile=\"1\"><\/div><div class=\"wpforms-submit-container\" ><input type=\"hidden\" name=\"wpforms[id]\" value=\"16314\"><input type=\"hidden\" name=\"page_title\" value=\"\"><input type=\"hidden\" name=\"page_url\" value=\"https:\/\/www.nou-us.com\/es\/wp-json\/wp\/v2\/pages\/16308\"><input type=\"hidden\" name=\"url_referer\" value=\"\"><button type=\"submit\" name=\"wpforms[submit]\" id=\"wpforms-submit-16314\" class=\"wpforms-submit\" data-alt-text=\"Se est\u00e1 enviando...\" data-submit-text=\"Env\u00eda\" aria-live=\"assertive\" value=\"wpforms-submit\">Env\u00eda<\/button><img loading=\"lazy\" decoding=\"async\" src=\"https:\/\/www.nou-us.com\/wp-content\/plugins\/wpforms-lite\/assets\/images\/submit-spin.svg\" class=\"wpforms-submit-spinner\" style=\"display: none;\" width=\"26\" height=\"26\" alt=\"Cargando\"><\/div><\/form><\/div>  <!-- .wpforms-container -->[\/vc_column_text][\/vc_column][\/vc_row][vc_row css_animation=\u00bb\u00bb row_type=\u00bbrow\u00bb use_row_as_full_screen_section=\u00bbno\u00bb type=\u00bbfull_width\u00bb angled_section=\u00bbno\u00bb text_align=\u00bbleft\u00bb background_image_as_pattern=\u00bbwithout_pattern\u00bb css=\u00bb.vc_custom_1759835672096{background-color: #E8E3E1 !important;}\u00bb z_index=\u00bb\u00bb][vc_column][vc_separator type=\u00bbnormal\u00bb color=\u00bb#7F6C66&#8243; thickness=\u00bb1&#8243; up=\u00bb0&#8243; down=\u00bb0&#8243;][vc_empty_space height=\u00bb100&#8243;][\/vc_column][\/vc_row][vc_row css_animation=\u00bb\u00bb row_type=\u00bbrow\u00bb use_row_as_full_screen_section=\u00bbno\u00bb type=\u00bbgrid\u00bb angled_section=\u00bbno\u00bb text_align=\u00bbleft\u00bb background_image_as_pattern=\u00bbwithout_pattern\u00bb css=\u00bb.vc_custom_1759835624381{background-color: #E8E3E1 !important;}\u00bb z_index=\u00bb\u00bb padding_bottom=\u00bb75&#8243;][vc_column][vc_column_text css=\u00bb\u00bb]<\/p>\n<h3>Pol\u00edtica de protecci\u00f3n de datos<\/h3>\n<p>[\/vc_column_text][vc_empty_space height=\u00bb25&#8243;][vc_row_inner row_type=\u00bbrow\u00bb type=\u00bbfull_width\u00bb text_align=\u00bbleft\u00bb css_animation=\u00bb\u00bb][vc_column_inner width=\u00bb1\/2&#8243;][vc_column_text css=\u00bb\u00bb]De conformidad con lo que establece la normativa vigente en Protecci\u00f3n de Datos de Car\u00e1cter Personal, le informamos que sus datos ser\u00e1n incorporados al sistema de tratamiento titularidad de NOU \u00daS \u2013 ELISABET MONTORO XIBERTA con NIF 38133053L y domicilio social situado en la C\/ BONAIRE, 10 \u2013 08350 AREN sus consultas y remitirle comunicaciones comerciales que puedan ser de su inter\u00e9s. En cumplimiento de la normativa vigente, NOU \u00daS &#8211; ELISABET MONTORO XIBERTA informa que los datos ser\u00e1n conservados durante el plazo estrictamente necesario para cumplir con los preceptos mencionados anteriormente.<\/p>\n<p>&nbsp;<\/p>\n<p>Le informamos que trataremos sus datos de acuerdo con la existencia de su consentimiento.<\/p>\n<p>&nbsp;<\/p>\n<p>NOU \u00daS &#8211; ELISABET MONTORO XIBERTA informa que tratar\u00e1 los datos de forma l\u00edcita, leal, transparente, adecuada, pertinente, limitada, exacta y actualizada. Por ello, NOU \u00daS \u2013 ELISABET MONTORO XIBERTA se compromete a adoptar todas las medidas razonables para que estos se supriman o rectifiquen sin dilaci\u00f3n cuando sean inexactas.[\/vc_column_text][\/vc_column_inner][vc_column_inner width=\u00bb1\/2&#8243;][vc_column_text css=\u00bb\u00bb]De acuerdo con los derechos que le confiere la normativa vigente en protecci\u00f3n de datos podr\u00e1 ejercer los derechos de acceso, rectificaci\u00f3n, limitaci\u00f3n de tratamiento, supresi\u00f3n, portabilidad y oposici\u00f3n al tratamiento de sus datos de car\u00e1cter personal as\u00ed como del consentimiento prestado para el tratamiento de los mismos, dirigiendo su petici\u00f3n a la direcci\u00f3n postal arriba indicada o al correo electr\u00f3nico beth@nou-us.com.<\/p>\n<p>&nbsp;<\/p>\n<p>Asimismo, y de acuerdo con lo que establece la Ley 34\/2002, de 11 de julio, de Servicios de la Sociedad de la Informaci\u00f3n y de Comercio Electr\u00f3nico, en su art\u00edculo 21, solicitamos tambi\u00e9n su consentimiento expreso para enviarle publicidad de nuestros productos o promociones que consideremos puedan ser de su inter\u00e9s, por correo electr\u00f3nico o por correo electr\u00f3nico.<\/p>\n<p>&nbsp;<\/p>\n<p>Le informamos que podr\u00e1 revocar en cualquier momento el consentimiento prestado en la recepci\u00f3n de comunicaciones comerciales enviando un correo electr\u00f3nico a la direcci\u00f3n de correo electr\u00f3nico: beth@nou-us.com. Podr\u00e1 dirigirse a la Autoridad de Control competente para presentar la reclamaci\u00f3n que considere oportuna.[\/vc_column_text][\/vc_column_inner][\/vc_row_inner][\/vc_column][\/vc_row]<\/p>\n<\/div>","protected":false},"excerpt":{"rendered":"<p>[vc_row css_animation=\u00bb\u00bb row_type=\u00bbrow\u00bb use_row_as_full_screen_section=\u00bbno\u00bb type=\u00bbfull_width\u00bb angled_section=\u00bbno\u00bb text_align=\u00bbleft\u00bb background_image_as_pattern=\u00bbwithout_pattern\u00bb css=\u00bb.vc_custom_1760515508721{background-image: url(https:\/\/www.nou-us.com\/wp-content\/uploads\/2025\/10\/nou-us-disseny-interiors-contacte-capcalera-2.jpg?id=16102) !important;}\u00bb z_index=\u00bb\u00bb][vc_column][vc_empty_space height=\u00bb250&#8243;][vc_column_text css=\u00bb\u00bb] contacta con beth [\/vc_column_text][vc_column_text css=\u00bb\u00bb] inicio \/\/ contacto [\/vc_column_text][vc_empty_space height=\u00bb250&#8243;][\/vc_column][\/vc_row][vc_row css_animation=\u00bb\u00bb row_type=\u00bbrow\u00bb use_row_as_full_screen_section=\u00bbno\u00bb type=\u00bbfull_width\u00bb angled_section=\u00bbno\u00bb text_align=\u00bbleft\u00bb background_image_as_pattern=\u00bbwithout_pattern\u00bb css=\u00bb.vc_custom_1759398042439{background-color: #E8E3E1 !important;}\u00bb z_index=\u00bb\u00bb][vc_column][vc_separator type=\u00bbnormal\u00bb color=\u00bb#7F6C66&#8243; thickness=\u00bb1&#8243; up=\u00bb0&#8243; down=\u00bb0&#8243;][vc_empty_space height=\u00bb100&#8243;][vc_separator type=\u00bbnormal\u00bb color=\u00bb#7F6C66&#8243; thickness=\u00bb1&#8243; up=\u00bb0&#8243;&hellip; <a class=\"continue\" href=\"https:\/\/www.nou-us.com\/es\/contacto\/\">>> CONTINUAR<span> CONTACTO<\/span><\/a><\/p>\n","protected":false},"author":1,"featured_media":0,"parent":0,"menu_order":0,"comment_status":"open","ping_status":"open","template":"full_width.php","meta":{"footnotes":""},"class_list":["post-16308","page","type-page","status-publish","hentry"],"_links":{"self":[{"href":"https:\/\/www.nou-us.com\/es\/wp-json\/wp\/v2\/pages\/16308","targetHints":{"allow":["GET"]}}],"collection":[{"href":"https:\/\/www.nou-us.com\/es\/wp-json\/wp\/v2\/pages"}],"about":[{"href":"https:\/\/www.nou-us.com\/es\/wp-json\/wp\/v2\/types\/page"}],"author":[{"embeddable":true,"href":"https:\/\/www.nou-us.com\/es\/wp-json\/wp\/v2\/users\/1"}],"replies":[{"embeddable":true,"href":"https:\/\/www.nou-us.com\/es\/wp-json\/wp\/v2\/comments?post=16308"}],"version-history":[{"count":5,"href":"https:\/\/www.nou-us.com\/es\/wp-json\/wp\/v2\/pages\/16308\/revisions"}],"predecessor-version":[{"id":16321,"href":"https:\/\/www.nou-us.com\/es\/wp-json\/wp\/v2\/pages\/16308\/revisions\/16321"}],"wp:attachment":[{"href":"https:\/\/www.nou-us.com\/es\/wp-json\/wp\/v2\/media?parent=16308"}],"curies":[{"name":"wp","href":"https:\/\/api.w.org\/{rel}","templated":true}]}}