{"id":16288,"date":"2025-10-08T10:50:38","date_gmt":"2025-10-08T08:50:38","guid":{"rendered":"https:\/\/www.nou-us.com\/?page_id=16288"},"modified":"2025-10-31T15:04:42","modified_gmt":"2025-10-31T13:04:42","slug":"la-beth","status":"publish","type":"page","link":"https:\/\/www.nou-us.com\/es\/la-beth\/","title":{"rendered":"LA BETH"},"content":{"rendered":"<div class=\"wpb-content-wrapper\"><p>[vc_row css_animation=\u00bb\u00bb row_type=\u00bbrow\u00bb use_row_as_full_screen_section=\u00bbno\u00bb type=\u00bbgrid\u00bb angled_section=\u00bbno\u00bb text_align=\u00bbleft\u00bb background_image_as_pattern=\u00bbwithout_pattern\u00bb css=\u00bb.vc_custom_1761652183061{background-color: #E8E3E1 !important;}\u00bb z_index=\u00bb\u00bb anchor=\u00bbinici\u00bb][vc_column][vc_empty_space height=\u00bb75&#8243;][vc_column_text css=\u00bb\u00bb]<\/p>\n<h2 style=\"text-align: left;\">\u00bfqui\u00e9nes somos?<\/h2>\n<p>[\/vc_column_text][vc_empty_space height=\u00bb10&#8243;][vc_column_text css=\u00bb\u00bb]SOMOS UN EQUIPO DE PROFESIONALES, UNOS GENIOS DEL CAMBIO, QUE<br \/>\nCOLABORAMOS JUNTOS PARA, COMBINAR METROS CUADRADOS Y FORMAS<br \/>\nDE VIDA, PARA HACER DE LOS ESPACIOS DONDE HABITA, UN PUESTO M\u00c1GICO[\/vc_column_text][vc_empty_space height=\u00bb75&#8243;][\/vc_column][\/vc_row][vc_row css_animation=\u00bb\u00bb row_type=\u00bbrow\u00bb use_row_as_full_screen_section=\u00bbno\u00bb type=\u00bbfull_width\u00bb angled_section=\u00bbno\u00bb text_align=\u00bbleft\u00bb background_image_as_pattern=\u00bbwithout_pattern\u00bb css=\u00bb.vc_custom_1759913861282{background-color: #E8E3E1 !important;}\u00bb z_index=\u00bb\u00bb][vc_column][vc_separator type=\u00bbnormal\u00bb color=\u00bb#7F6C66&#8243; thickness=\u00bb1&#8243; up=\u00bb0&#8243; down=\u00bb0&#8243;][vc_empty_space height=\u00bb100&#8243;][vc_separator type=\u00bbnormal\u00bb color=\u00bb#7F6C66&#8243; thickness=\u00bb1&#8243; up=\u00bb0&#8243; down=\u00bb0&#8243;][\/vc_column][\/vc_row][vc_row css_animation=\u00bb\u00bb row_type=\u00bbrow\u00bb use_row_as_full_screen_section=\u00bbno\u00bb type=\u00bbfull_width\u00bb angled_section=\u00bbno\u00bb text_align=\u00bbleft\u00bb background_image_as_pattern=\u00bbwithout_pattern\u00bb css=\u00bb.vc_custom_1760515424663{background-image: url(https:\/\/www.nou-us.com\/wp-content\/uploads\/2025\/10\/nou-us-disseny-interiors-la-beth-capcalera.jpg?id=15921) !important;}\u00bb z_index=\u00bb\u00bb][vc_column][vc_empty_space height=\u00bb250&#8243;][vc_column_text css=\u00bb\u00bb]<\/p>\n<h1 style=\"text-align: center;\"><span style=\"color: #ffffff;\">conoce a la beth<\/span><\/h1>\n<p>[\/vc_column_text][vc_column_text css=\u00bb\u00bb]<\/p>\n<p style=\"text-align: center;\"><span style=\"color: #ffffff;\"><a style=\"color: #ffffff;\" href=\"\/es\">inicio<\/a> \/\/ la beth<\/span><\/p>\n<p>[\/vc_column_text][vc_empty_space height=\u00bb250&#8243;][\/vc_column][\/vc_row][vc_row css_animation=\u00bb\u00bb row_type=\u00bbrow\u00bb use_row_as_full_screen_section=\u00bbno\u00bb type=\u00bbfull_width\u00bb angled_section=\u00bbno\u00bb text_align=\u00bbleft\u00bb background_image_as_pattern=\u00bbwithout_pattern\u00bb css=\u00bb.vc_custom_1759398042439{background-color: #E8E3E1 !important;}\u00bb z_index=\u00bb\u00bb][vc_column][vc_separator type=\u00bbnormal\u00bb color=\u00bb#7F6C66&#8243; thickness=\u00bb1&#8243; up=\u00bb0&#8243; down=\u00bb0&#8243;][vc_empty_space height=\u00bb100&#8243;][vc_separator type=\u00bbnormal\u00bb color=\u00bb#7F6C66&#8243; thickness=\u00bb1&#8243; up=\u00bb0&#8243; down=\u00bb0&#8243;][\/vc_column][\/vc_row][vc_row css_animation=\u00bb\u00bb row_type=\u00bbrow\u00bb use_row_as_full_screen_section=\u00bbno\u00bb type=\u00bbgrid\u00bb angled_section=\u00bbno\u00bb text_align=\u00bbleft\u00bb background_image_as_pattern=\u00bbwithout_pattern\u00bb z_index=\u00bb\u00bb padding_top=\u00bb75&#8243; padding_bottom=\u00bb75&#8243;][vc_column width=\u00bb1\/2&#8243;][vc_single_image image=\u00bb16226&#8243; img_size=\u00bb500&#215;639&#8243; css=\u00bb\u00bb qode_css_animation=\u00bb\u00bb][vc_empty_space height=\u00bb25&#8243;][\/vc_column][vc_column width=\u00bb1\/2&#8243;][vc_single_image image=\u00bb16202&#8243; img_size=\u00bbfull\u00bb css=\u00bb\u00bb qode_css_animation=\u00bb\u00bb][vc_empty_space height=\u00bb20&#8243;][vc_column_text css=\u00bb\u00bb]<\/p>\n<h2>La directora creativa<br \/>\ny gesti\u00f3n de proyectos<\/h2>\n<p>[\/vc_column_text][vc_empty_space height=\u00bb25&#8243;][vc_column_text css=\u00bb\u00bb]Beth Montoro, graduada en dise\u00f1o de interiores desde hace m\u00e1s de 20 a\u00f1os.<\/p>\n<p>&nbsp;<\/p>\n<p>Hola!! Soy alegre, entusiasta, curiosa y sobre todo creativa. Desde la confianza, la empat\u00eda y la honestidad, interpreto los espacios deseados.<\/p>\n<p>&nbsp;<\/p>\n<p>Me apasiona ver c\u00f3mo los espacios modifican los sentimientos y el estado de \u00e1nimo de la gente.<\/p>\n<p>&nbsp;<\/p>\n<p>Creo mucho con la emoci\u00f3n que producen los objetos, los detalles y la comunicaci\u00f3n que establecen con nosotros.<\/p>\n<p>&nbsp;<\/p>\n<p>He realizado mis estudios en la escuela Elisava de Barcelona, \u200b\u200bpionera del dise\u00f1o y la m\u00e1s relevante de Europa. Entr\u00e9 en el mundo profesional en el estudio LBA, formado por arquitectos e interioristas en Barcelona.<\/p>\n<p>&nbsp;<\/p>\n<p>Despu\u00e9s de mi larga trayectoria junto a excelentes profesionales, junto con dos socias, creamos en Ll\u00edvia, un estudio llamado artr3s dise\u00f1o y construcci\u00f3n donde reform\u00e1bamos viviendas en la Cerdanya Francesa.<\/p>\n<p>&nbsp;<\/p>\n<p>Ahora he decidido emprender un nuevo camino profesional como freelance, y su nombre es Nou-\u00das, dise\u00f1o y creaci\u00f3n de espacios que nos seduzcan a trav\u00e9s del uso y la est\u00e9tica.[\/vc_column_text][\/vc_column][\/vc_row][vc_row row_type=\u00bbparallax\u00bb parallax_content_width=\u00bbfull_width\u00bb text_align=\u00bbleft\u00bb full_screen_section_height=\u00bbno\u00bb min_height=\u00bb400&#8243; background_image=\u00bb15930&#8243; css=\u00bb.vc_custom_1759915211375{background-color: #E8E3E1 !important;}\u00bb][vc_column][vc_empty_space height=\u00bb400&#8243;][\/vc_column][\/vc_row][vc_row css_animation=\u00bb\u00bb row_type=\u00bbrow\u00bb use_row_as_full_screen_section=\u00bbno\u00bb type=\u00bbgrid\u00bb angled_section=\u00bbno\u00bb text_align=\u00bbleft\u00bb background_image_as_pattern=\u00bbwithout_pattern\u00bb css=\u00bb.vc_custom_1759915204648{background-color: #E8E3E1 !important;}\u00bb z_index=\u00bb\u00bb padding_bottom=\u00bb75&#8243; padding_top=\u00bb75&#8243;][vc_column][vc_column_text css=\u00bb\u00bb]<\/p>\n<h2 style=\"text-align: center;\">la filosof\u00eda<\/h2>\n<p>[\/vc_column_text][vc_empty_space height=\u00bb50&#8243;][vc_row_inner row_type=\u00bbrow\u00bb type=\u00bbfull_width\u00bb text_align=\u00bbleft\u00bb css_animation=\u00bb\u00bb][vc_column_inner width=\u00bb1\/4&#8243;][\/vc_column_inner][vc_column_inner width=\u00bb1\/2&#8243;][vc_column_text css=\u00bb\u00bb]<\/p>\n<p style=\"text-align: center;\">Todos nuestros proyectos de interiores transmiten nuestra filosof\u00eda: crear espacios emocionales, frescos y cercanos, jugando con colores, la luz y los materiales.<\/p>\n<p>&nbsp;<\/p>\n<p style=\"text-align: center;\">Trabajamos la comunicaci\u00f3n de vol\u00famenes y tonos sobre un espacio, creando formas que tienen un contenido funcional y est\u00e9tico.<\/p>\n<p>&nbsp;<\/p>\n<p style=\"text-align: center;\">Un buen uso y disfrutar de los espacios es nuestro objetivo, la validez de un dise\u00f1o no solo se aprecia a trav\u00e9s de su contemplaci\u00f3n, sino tambi\u00e9n a trav\u00e9s de su uso.<\/p>\n<p>&nbsp;<\/p>\n<p style=\"text-align: center;\">En <em data-start=\"384\" data-end=\"392\">Nou-\u00daso<\/em> somos un estudio de <strong data-start=\"409\" data-end=\"439\">interiorismo de proximidad<\/strong> que ofrece <strong data-start=\"45 data-is-only-node=\">dise\u00f1o de interiores<\/strong> con belleza, funcionalidad y emoci\u00f3n. Trabajamos en <strong data-start=\"525\" data-end=\"542\">Arenys de Mar<\/strong>, <strong data-start=\"544\" data-end=\"558\">El Maresme<\/strong>, <strong data-start=\"560\" data-end=\"573\">l&#8217;Empord\u00e0<\/strong> y\u00a0<strong data-start=\"560\" data-end=\"573\">Osona<\/strong>, creando <strong data-start=\"594\" data-end=\"618\">espacios con identidad<\/strong> que cuentan historias y conectan con la vida de quien los habita. Apostamos por un <strong data-start=\"701\" data-end=\"728\">interiorismo sostenible<\/strong>, con materiales naturales y <strong data-start=\"755\" data-end=\"781\">conexi\u00f3n con la naturaleza<\/strong>, para dar lugares llenos de armon\u00eda y bienestar. Te acompa\u00f1amos en todo el <strong data-start=\"851\" data-end=\"899\">proceso de reforma integral de tu vivienda<\/strong>, desde la idea inicial hasta el resultado final, con un <strong data-start=\"955\" data-end=\"976\">dise\u00f1o emocional<\/strong> que transforma cada espacio en una experiencia vital. Nuestro objetivo es crear <strong data-start=\"1069\" data-end=\"1092\">espacios que inspiran<\/strong> y mejoran la vida de las personas.<\/p>\n<p>[\/vc_column_text][\/vc_column_inner][vc_column_inner width=\u00bb1\/4&#8243;][\/vc_column_inner][\/vc_row_inner][\/vc_column][\/vc_row]<\/p>\n<\/div>","protected":false},"excerpt":{"rendered":"<p>[vc_row css_animation=\u00bb\u00bb row_type=\u00bbrow\u00bb use_row_as_full_screen_section=\u00bbno\u00bb type=\u00bbgrid\u00bb angled_section=\u00bbno\u00bb text_align=\u00bbleft\u00bb background_image_as_pattern=\u00bbwithout_pattern\u00bb css=\u00bb.vc_custom_1761652183061{background-color: #E8E3E1 !important;}\u00bb z_index=\u00bb\u00bb anchor=\u00bbinici\u00bb][vc_column][vc_empty_space height=\u00bb75&#8243;][vc_column_text css=\u00bb\u00bb] \u00bfqui\u00e9nes somos? [\/vc_column_text][vc_empty_space height=\u00bb10&#8243;][vc_column_text css=\u00bb\u00bb]SOMOS UN EQUIPO DE PROFESIONALES, UNOS GENIOS DEL CAMBIO, QUE COLABORAMOS JUNTOS PARA, COMBINAR METROS CUADRADOS Y FORMAS DE VIDA, PARA HACER DE LOS ESPACIOS DONDE&hellip; <a class=\"continue\" href=\"https:\/\/www.nou-us.com\/es\/la-beth\/\">>> CONTINUAR<span> LA BETH<\/span><\/a><\/p>\n","protected":false},"author":1,"featured_media":0,"parent":0,"menu_order":0,"comment_status":"open","ping_status":"open","template":"full_width.php","meta":{"footnotes":""},"class_list":["post-16288","page","type-page","status-publish","hentry"],"_links":{"self":[{"href":"https:\/\/www.nou-us.com\/es\/wp-json\/wp\/v2\/pages\/16288","targetHints":{"allow":["GET"]}}],"collection":[{"href":"https:\/\/www.nou-us.com\/es\/wp-json\/wp\/v2\/pages"}],"about":[{"href":"https:\/\/www.nou-us.com\/es\/wp-json\/wp\/v2\/types\/page"}],"author":[{"embeddable":true,"href":"https:\/\/www.nou-us.com\/es\/wp-json\/wp\/v2\/users\/1"}],"replies":[{"embeddable":true,"href":"https:\/\/www.nou-us.com\/es\/wp-json\/wp\/v2\/comments?post=16288"}],"version-history":[{"count":7,"href":"https:\/\/www.nou-us.com\/es\/wp-json\/wp\/v2\/pages\/16288\/revisions"}],"predecessor-version":[{"id":16307,"href":"https:\/\/www.nou-us.com\/es\/wp-json\/wp\/v2\/pages\/16288\/revisions\/16307"}],"wp:attachment":[{"href":"https:\/\/www.nou-us.com\/es\/wp-json\/wp\/v2\/media?parent=16288"}],"curies":[{"name":"wp","href":"https:\/\/api.w.org\/{rel}","templated":true}]}}