{"id":16250,"date":"2014-05-20T07:51:11","date_gmt":"2014-05-20T05:51:11","guid":{"rendered":"https:\/\/www.nou-us.com\/?page_id=16250"},"modified":"2025-10-31T15:00:44","modified_gmt":"2025-10-31T13:00:44","slug":"inicio","status":"publish","type":"page","link":"https:\/\/www.nou-us.com\/es\/","title":{"rendered":"INICIO"},"content":{"rendered":"<div class=\"wpb-content-wrapper\"><p>[vc_row css_animation=\u00bb\u00bb row_type=\u00bbrow\u00bb use_row_as_full_screen_section=\u00bbno\u00bb type=\u00bbfull_width\u00bb angled_section=\u00bbno\u00bb text_align=\u00bbleft\u00bb background_image_as_pattern=\u00bbwithout_pattern\u00bb][vc_column offset=\u00bbvc_hidden-xs\u00bb][vc_single_image image=\u00bb16265&#8243; img_size=\u00bbfull\u00bb alignment=\u00bbcenter\u00bb css=\u00bb\u00bb qode_css_animation=\u00bb\u00bb][\/vc_column][\/vc_row][vc_row css_animation=\u00bb\u00bb row_type=\u00bbrow\u00bb use_row_as_full_screen_section=\u00bbno\u00bb type=\u00bbfull_width\u00bb angled_section=\u00bbno\u00bb text_align=\u00bbleft\u00bb background_image_as_pattern=\u00bbwithout_pattern\u00bb][vc_column offset=\u00bbvc_hidden-lg vc_hidden-md vc_hidden-sm\u00bb][vc_single_image image=\u00bb16267&#8243; img_size=\u00bbfull\u00bb alignment=\u00bbcenter\u00bb css=\u00bb\u00bb qode_css_animation=\u00bb\u00bb][\/vc_column][\/vc_row][vc_row css_animation=\u00bb\u00bb row_type=\u00bbrow\u00bb use_row_as_full_screen_section=\u00bbno\u00bb type=\u00bbfull_width\u00bb angled_section=\u00bbno\u00bb text_align=\u00bbleft\u00bb background_image_as_pattern=\u00bbwithout_pattern\u00bb css=\u00bb.vc_custom_1759398042439{background-color: #E8E3E1 !important;}\u00bb z_index=\u00bb\u00bb][vc_column][vc_separator type=\u00bbnormal\u00bb color=\u00bb#7F6C66&#8243; thickness=\u00bb1&#8243; up=\u00bb0&#8243; down=\u00bb0&#8243;][\/vc_column][\/vc_row][vc_row css_animation=\u00bb\u00bb row_type=\u00bbrow\u00bb use_row_as_full_screen_section=\u00bbno\u00bb type=\u00bbfull_width\u00bb angled_section=\u00bbno\u00bb text_align=\u00bbleft\u00bb background_image_as_pattern=\u00bbwithout_pattern\u00bb css=\u00bb.vc_custom_1759398042439{background-color: #E8E3E1 !important;}\u00bb z_index=\u00bb\u00bb][vc_column offset=\u00bbvc_hidden-xs\u00bb][vc_empty_space height=\u00bb100&#8243;][\/vc_column][\/vc_row][vc_row css_animation=\u00bb\u00bb row_type=\u00bbrow\u00bb use_row_as_full_screen_section=\u00bbno\u00bb type=\u00bbfull_width\u00bb angled_section=\u00bbno\u00bb text_align=\u00bbleft\u00bb background_image_as_pattern=\u00bbwithout_pattern\u00bb][vc_column offset=\u00bbvc_hidden-xs\u00bb][vc_empty_space height=\u00bb75&#8243;][\/vc_column][\/vc_row][vc_row css_animation=\u00bb\u00bb row_type=\u00bbrow\u00bb use_row_as_full_screen_section=\u00bbno\u00bb type=\u00bbgrid\u00bb angled_section=\u00bbno\u00bb text_align=\u00bbleft\u00bb background_image_as_pattern=\u00bbwithout_pattern\u00bb z_index=\u00bb\u00bb padding_bottom=\u00bb75&#8243; anchor=\u00bbinici\u00bb][vc_column width=\u00bb1\/2&#8243;][vc_empty_space height=\u00bb50&#8243;][vc_single_image image=\u00bb16202&#8243; img_size=\u00bbfull\u00bb css=\u00bb\u00bb qode_css_animation=\u00bb\u00bb][vc_empty_space height=\u00bb20&#8243;][vc_column_text css=\u00bb\u00bb]<\/p>\n<h1>nou \u00fas, un espacio<br \/>\nde dise\u00f1o y creaci\u00f3n<\/h1>\n<h2>\u00abDonde nacen las ideas\u00bb<\/h2>\n<p>[\/vc_column_text][vc_empty_space height=\u00bb25&#8243;][vc_column_text css=\u00bb\u00bb]Nos dedicamos al dise\u00f1o de interiores, el arte de ganar espacios, combinamos soluciones conceptuales, formales y t\u00e9cnicas para dar respuesta a las necesidades de uso y\/o est\u00e9ticas del espacio. Hacemos un acompa\u00f1amiento y asesoramiento en todo el proceso de reforma de tu vivienda, desde el dise\u00f1o de la propuesta, a la elecci\u00f3n de los materiales, hasta el seguimiento de las obras y su ejecuci\u00f3n (reforma integral).[\/vc_column_text][vc_empty_space height=\u00bb150&#8243;][vc_single_image image=\u00bb16199&#8243; img_size=\u00bbfull\u00bb css=\u00bb\u00bb qode_css_animation=\u00bb\u00bb][vc_empty_space height=\u00bb25&#8243;][vc_column_text css=\u00bb\u00bb]LA BETH[\/vc_column_text][vc_empty_space height=\u00bb10&#8243;][vc_column_text css=\u00bb\u00bb]<\/p>\n<h3>dise\u00f1adora de interiores<\/h3>\n<p>[\/vc_column_text][vc_empty_space height=\u00bb150&#8243;][vc_single_image image=\u00bb16201&#8243; img_size=\u00bbfull\u00bb css=\u00bb\u00bb qode_css_animation=\u00bb\u00bb][vc_empty_space height=\u00bb25&#8243;][vc_column_text css=\u00bb\u00bb]DEL ESTILISMO AL MERCHANDISING,<br \/>\nDAMOS VALOR A CADA AMBIENTE.[\/vc_column_text][vc_empty_space height=\u00bb10&#8243;][vc_column_text css=\u00bb\u00bb]<\/p>\n<h3>creaci\u00f3n de espacios con identidad<\/h3>\n<p>[\/vc_column_text][vc_empty_space height=\u00bb150&#8243;][\/vc_column][vc_column width=\u00bb1\/2&#8243;][vc_single_image image=\u00bb16200&#8243; img_size=\u00bbfull\u00bb alignment=\u00bbright\u00bb css=\u00bb\u00bb qode_css_animation=\u00bb\u00bb][vc_empty_space height=\u00bb25&#8243;][vc_column_text css=\u00bb\u00bb]<\/p>\n<p style=\"text-align: right;\">TRANSFORMAMOS LOS ELEMENTOS EXISTENTES<br \/>\nEN ENTORNOS VITALES Y HABITABLES.<\/p>\n<p>[\/vc_column_text][vc_empty_space height=\u00bb10&#8243;][vc_column_text css=\u00bb\u00bb]<\/p>\n<h3 style=\"text-align: right;\">recuperar para crear confort<\/h3>\n<p>[\/vc_column_text][vc_empty_space height=\u00bb150&#8243;][vc_single_image image=\u00bb16237&#8243; img_size=\u00bbfull\u00bb alignment=\u00bbright\u00bb css=\u00bb\u00bb qode_css_animation=\u00bb\u00bb][vc_empty_space height=\u00bb25&#8243;][vc_column_text css=\u00bb\u00bb]<\/p>\n<p style=\"text-align: right;\">UNA LECTURA DIFERENTE DE LOS ESPACIOS<br \/>\nPARA DESCUBRIR TODO EL POTENCIAL.<\/p>\n<p>[\/vc_column_text][vc_empty_space height=\u00bb10&#8243;][vc_column_text css=\u00bb\u00bb]<\/p>\n<h3 style=\"text-align: right;\">reutilizar para dar nueva vida<\/h3>\n<p>[\/vc_column_text][vc_row_inner row_type=\u00bbrow\u00bb type=\u00bbfull_width\u00bb text_align=\u00bbleft\u00bb css_animation=\u00bb\u00bb][vc_column_inner offset=\u00bbvc_hidden-xs\u00bb][vc_empty_space height=\u00bb450&#8243;][\/vc_column_inner][\/vc_row_inner][vc_row_inner row_type=\u00bbrow\u00bb type=\u00bbfull_width\u00bb text_align=\u00bbleft\u00bb css_animation=\u00bb\u00bb][vc_column_inner offset=\u00bbvc_hidden-lg vc_hidden-md vc_hidden-sm\u00bb][vc_empty_space height=\u00bb200&#8243;][\/vc_column_inner][\/vc_row_inner][\/vc_column][\/vc_row][vc_row css_animation=\u00bb\u00bb row_type=\u00bbrow\u00bb use_row_as_full_screen_section=\u00bbno\u00bb type=\u00bbgrid\u00bb angled_section=\u00bbno\u00bb text_align=\u00bbleft\u00bb background_image_as_pattern=\u00bbwithout_pattern\u00bb css=\u00bb.vc_custom_1759475479659{background-color: #7F6C66 !important;}\u00bb z_index=\u00bb\u00bb padding_top=\u00bb50&#8243; padding_bottom=\u00bb50&#8243;][vc_column width=\u00bb1\/2&#8243;][vc_single_image image=\u00bb16203&#8243; img_size=\u00bbfull\u00bb css=\u00bb\u00bb qode_css_animation=\u00bb\u00bb][vc_empty_space height=\u00bb20&#8243;][vc_column_text css=\u00bb\u00bb]<\/p>\n<h2><span style=\"color: #ffffff;\">ens dediquem al disseny d&#8217;interiors,<\/span><br \/>\n<span style=\"color: #ffffff;\">l&#8217;art de guanyar espais.<\/span><\/h2>\n<p>[\/vc_column_text][\/vc_column][vc_column width=\u00bb1\/2&#8243;][vc_gallery type=\u00bbflexslider_slide\u00bb interval=\u00bb3&#8243; images=\u00bb16218,16211,16209,16238,16210,16212,16213,16214,16215,16216,16217,16219&#8243; img_size=\u00bbfull\u00bb onclick=\u00bb\u00bb css=\u00bb.vc_custom_1760092544573{margin-top: -450px !important;}\u00bb direction_nav=\u00bbno\u00bb control_nav=\u00bbno\u00bb pause_on_hover=\u00bbyes\u00bb][\/vc_column][\/vc_row][vc_row css_animation=\u00bb\u00bb row_type=\u00bbrow\u00bb use_row_as_full_screen_section=\u00bbno\u00bb type=\u00bbgrid\u00bb angled_section=\u00bbno\u00bb text_align=\u00bbleft\u00bb background_image_as_pattern=\u00bbwithout_pattern\u00bb z_index=\u00bb\u00bb css=\u00bb.vc_custom_1760603492774{background-color: #F8F8F8 !important;}\u00bb][vc_column offset=\u00bbvc_hidden-xs\u00bb][vc_empty_space height=\u00bb75&#8243;][vc_column_text css=\u00bb\u00bb]<\/p>\n<h2 style=\"text-align: center;\">dise\u00f1o a fuego lento<\/h2>\n<p>[\/vc_column_text][vc_empty_space height=\u00bb25&#8243;][vc_row_inner row_type=\u00bbrow\u00bb type=\u00bbfull_width\u00bb text_align=\u00bbleft\u00bb css_animation=\u00bb\u00bb][vc_column_inner width=\u00bb1\/5&#8243;][vc_single_image image=\u00bb16224&#8243; img_size=\u00bbfull\u00bb alignment=\u00bbcenter\u00bb onclick=\u00bbcustom_link\u00bb css=\u00bb\u00bb qode_css_animation=\u00bb\u00bb link=\u00bb\/es\/diseno-a-fuego-lento\/#inici\u00bb][vc_empty_space height=\u00bb25&#8243;][vc_column_text css=\u00bb\u00bb]<\/p>\n<p style=\"text-align: center;\"><a href=\"\/es\/diseno-a-fuego-lento\/#inici\"><strong>INICIO<\/strong><br \/>\n<strong>OBJETIVO<\/strong><\/a><\/p>\n<p>[\/vc_column_text][vc_empty_space height=\u00bb50&#8243;][\/vc_column_inner][vc_column_inner width=\u00bb1\/5&#8243;][vc_single_image image=\u00bb16223&#8243; img_size=\u00bbfull\u00bb alignment=\u00bbcenter\u00bb onclick=\u00bbcustom_link\u00bb css=\u00bb\u00bb qode_css_animation=\u00bb\u00bb link=\u00bb\/es\/diseno-a-fuego-lento\/#planificacio\u00bb][vc_empty_space height=\u00bb25&#8243;][vc_column_text css=\u00bb\u00bb]<\/p>\n<p style=\"text-align: center;\"><a href=\"\/es\/diseno-a-fuego-lento\/#planificacio\"><strong>PLANIFICACI\u00d3N<\/strong><br \/>\n<strong>CONCEPTO<\/strong><\/a><\/p>\n<p>[\/vc_column_text][vc_empty_space height=\u00bb50&#8243;][\/vc_column_inner][vc_column_inner width=\u00bb1\/5&#8243;][vc_single_image image=\u00bb16222&#8243; img_size=\u00bbfull\u00bb alignment=\u00bbcenter\u00bb onclick=\u00bbcustom_link\u00bb css=\u00bb\u00bb qode_css_animation=\u00bb\u00bb link=\u00bb\/es\/diseno-a-fuego-lento\/#execucio\u00bb][vc_empty_space height=\u00bb25&#8243;][vc_column_text css=\u00bb\u00bb]<\/p>\n<p style=\"text-align: center;\"><a href=\"\/es\/diseno-a-fuego-lento\/#execucio\"><strong>EJECUCI\u00d3N<\/strong><br \/>\n<strong>ESTRUCTURA<\/strong><\/a><\/p>\n<p>[\/vc_column_text][vc_empty_space height=\u00bb50&#8243;][\/vc_column_inner][vc_column_inner width=\u00bb1\/5&#8243;][vc_single_image image=\u00bb16221&#8243; img_size=\u00bbfull\u00bb alignment=\u00bbcenter\u00bb onclick=\u00bbcustom_link\u00bb css=\u00bb\u00bb qode_css_animation=\u00bb\u00bb link=\u00bb\/es\/diseno-a-fuego-lento\/#elaboracio\u00bb][vc_empty_space height=\u00bb25&#8243;][vc_column_text css=\u00bb\u00bb]<\/p>\n<p style=\"text-align: center;\"><a href=\"\/es\/diseno-a-fuego-lento\/#elaboracio\"><strong>ELABORACI\u00d3N<\/strong><br \/>\n<strong>VALORACI\u00d3N<\/strong><\/a><\/p>\n<p>[\/vc_column_text][vc_empty_space height=\u00bb50&#8243;][\/vc_column_inner][vc_column_inner width=\u00bb1\/5&#8243;][vc_single_image image=\u00bb16220&#8243; img_size=\u00bbfull\u00bb alignment=\u00bbcenter\u00bb onclick=\u00bbcustom_link\u00bb css=\u00bb\u00bb qode_css_animation=\u00bb\u00bb link=\u00bb\/es\/diseno-a-fuego-lento\/#implementacio\u00bb][vc_empty_space height=\u00bb25&#8243;][vc_column_text css=\u00bb\u00bb]<\/p>\n<p style=\"text-align: center;\"><a href=\"\/es\/diseno-a-fuego-lento\/#implementacio\"><strong>IMPLEMENTACI\u00d3N<\/strong><br \/>\n<strong>COORDINACI\u00d3N<\/strong><\/a><\/p>\n<p>[\/vc_column_text][\/vc_column_inner][\/vc_row_inner][vc_empty_space height=\u00bb75&#8243;][\/vc_column][\/vc_row][vc_row css_animation=\u00bb\u00bb row_type=\u00bbrow\u00bb use_row_as_full_screen_section=\u00bbno\u00bb type=\u00bbgrid\u00bb angled_section=\u00bbno\u00bb text_align=\u00bbleft\u00bb background_image_as_pattern=\u00bbwithout_pattern\u00bb z_index=\u00bb\u00bb css=\u00bb.vc_custom_1760603542540{background-color: #F8F8F8 !important;}\u00bb][vc_column offset=\u00bbvc_hidden-lg vc_hidden-md vc_hidden-sm\u00bb][vc_empty_space height=\u00bb75&#8243;][vc_column_text css=\u00bb\u00bb]<\/p>\n<h2 style=\"text-align: center;\">disseny a foc lent<\/h2>\n<p>[\/vc_column_text][vc_empty_space height=\u00bb25&#8243;][vc_row_inner row_type=\u00bbrow\u00bb type=\u00bbfull_width\u00bb text_align=\u00bbleft\u00bb css_animation=\u00bb\u00bb][vc_column_inner width=\u00bb1\/5&#8243;][vc_single_image image=\u00bb16244&#8243; img_size=\u00bbfull\u00bb alignment=\u00bbcenter\u00bb onclick=\u00bbcustom_link\u00bb css=\u00bb\u00bb qode_css_animation=\u00bb\u00bb link=\u00bb\/es\/diseno-a-fuego-lento\/#inici\u00bb][vc_empty_space height=\u00bb25&#8243;][vc_column_text css=\u00bb\u00bb]<\/p>\n<p style=\"text-align: center;\"><a href=\"\/es\/diseno-a-fuego-lento\/#inici\"><strong>INICIO<\/strong><br \/>\n<strong>OBJETIVO<\/strong><\/a><\/p>\n<p>[\/vc_column_text][vc_empty_space height=\u00bb50&#8243;][\/vc_column_inner][vc_column_inner width=\u00bb1\/5&#8243;][vc_single_image image=\u00bb16245&#8243; img_size=\u00bbfull\u00bb alignment=\u00bbcenter\u00bb onclick=\u00bbcustom_link\u00bb css=\u00bb\u00bb qode_css_animation=\u00bb\u00bb link=\u00bb\/es\/diseno-a-fuego-lento\/#planificacio\u00bb][vc_empty_space height=\u00bb25&#8243;][vc_column_text css=\u00bb\u00bb]<\/p>\n<p style=\"text-align: center;\"><a href=\"\/es\/diseno-a-fuego-lento\/#planificacio\"><strong>PLANIFICACI\u00d3N<\/strong><br \/>\n<strong>CONCEPTO<\/strong><\/a><\/p>\n<p>[\/vc_column_text][vc_empty_space height=\u00bb50&#8243;][\/vc_column_inner][vc_column_inner width=\u00bb1\/5&#8243;][vc_single_image image=\u00bb16243&#8243; img_size=\u00bbfull\u00bb alignment=\u00bbcenter\u00bb onclick=\u00bbcustom_link\u00bb css=\u00bb\u00bb qode_css_animation=\u00bb\u00bb link=\u00bb\/es\/diseno-a-fuego-lento\/#execucio\u00bb][vc_empty_space height=\u00bb25&#8243;][vc_column_text css=\u00bb\u00bb]<\/p>\n<p style=\"text-align: center;\"><a href=\"\/es\/diseno-a-fuego-lento\/#execucio\"><strong>EJECUCI\u00d3N<\/strong><br \/>\n<strong>ESTRUCTURA<\/strong><\/a><\/p>\n<p>[\/vc_column_text][vc_empty_space height=\u00bb50&#8243;][\/vc_column_inner][vc_column_inner width=\u00bb1\/5&#8243;][vc_single_image image=\u00bb16242&#8243; img_size=\u00bbfull\u00bb alignment=\u00bbcenter\u00bb onclick=\u00bbcustom_link\u00bb css=\u00bb\u00bb qode_css_animation=\u00bb\u00bb link=\u00bb\/es\/diseno-a-fuego-lento\/#elaboracio\u00bb][vc_empty_space height=\u00bb25&#8243;][vc_column_text css=\u00bb\u00bb]<\/p>\n<p style=\"text-align: center;\"><a href=\"\/es\/diseno-a-fuego-lento\/#elaboracio\"><strong>ELABORACI\u00d3N<\/strong><br \/>\n<strong>VALORACI\u00d3N<\/strong><\/a><\/p>\n<p>[\/vc_column_text][vc_empty_space height=\u00bb50&#8243;][\/vc_column_inner][vc_column_inner width=\u00bb1\/5&#8243;][vc_single_image image=\u00bb16220&#8243; img_size=\u00bbfull\u00bb alignment=\u00bbcenter\u00bb onclick=\u00bbcustom_link\u00bb css=\u00bb\u00bb qode_css_animation=\u00bb\u00bb link=\u00bb\/es\/diseno-a-fuego-lento\/#implementacio\u00bb][vc_empty_space height=\u00bb25&#8243;][vc_column_text css=\u00bb\u00bb]<\/p>\n<p style=\"text-align: center;\"><a href=\"\/es\/diseno-a-fuego-lento\/#implementacio\"><strong>IMPLEMENTACI\u00d3N<\/strong><br \/>\n<strong>COORDINACI\u00d3N<\/strong><\/a><\/p>\n<p>[\/vc_column_text][\/vc_column_inner][\/vc_row_inner][vc_empty_space height=\u00bb75&#8243;][\/vc_column][\/vc_row][vc_row css_animation=\u00bb\u00bb row_type=\u00bbrow\u00bb use_row_as_full_screen_section=\u00bbno\u00bb type=\u00bbgrid\u00bb angled_section=\u00bbno\u00bb text_align=\u00bbleft\u00bb background_image_as_pattern=\u00bbwithout_pattern\u00bb z_index=\u00bb\u00bb css=\u00bb.vc_custom_1759830563083{background-color: #F8F8F8 !important;}\u00bb][vc_column]<div class='q_masonry_blog'><div class=\"q_masonry_blog_grid_sizer\"><\/div><div class=\"q_masonry_blog_grid_gutter\"><\/div><article class=\"post-16272 post type-post status-publish format-standard has-post-thumbnail hentry category-sin-categoria\"><div class=\"q_masonry_blog_post_image\"><a itemprop=\"url\" href=\"https:\/\/www.nou-us.com\/es\/diseno-biofilico\/\" target=\"_self\"><img decoding=\"async\" itemprop=\"image\" src=\"https:\/\/www.nou-us.com\/wp-content\/uploads\/2013\/10\/nou-us-disseny-interiors-blog-disseny-biofilic.jpg\" alt=\"Disseny biof\u00edlic\" \/><\/a><\/div><div class=\"q_masonry_blog_post_text\"><h3 itemprop=\"name\" class=\"q_masonry_blog_title entry_title\"><a itemprop=\"url\" href=\"https:\/\/www.nou-us.com\/es\/diseno-biofilico\/\">Dise\u00f1o biof\u00edlico<\/a><\/h3><p itemprop=\"description\" class=\"q_masonry_blog_excerpt\">El dise\u00f1o biof\u00edlico es una forma de entender la arquitectura y el dise\u00f1o de interiores que busca volver a conectar a las personas con la naturaleza, incluso dentro de los espacios construidos.\r\n\r\nLa paraula biof\u00edlia vol dir i expressa aquesta necessitat humana d\u2019estar en contacte amb el m\u00f3n natural.\r\n\r\nAquesta idea parteix del concepte que els \u00e9ssers humans tenim una necessitat innata de contacte amb la natura Quan introdu\u00efm elements naturals als espais on vivim o treballem, millorem el nostre benestar f\u00edsic, mental i emocional. <a class=\"continue\" href=\"https:\/\/www.nou-us.com\/es\/diseno-biofilico\/\">&gt;&gt; CONTINUAR<span> Dise\u00f1o biof\u00edlico<\/span><\/a>...<\/p><div class=\"q_masonry_blog_post_info\"><span itemprop=\"dateCreated\" class=\"time entry_date updated\">27 octubre, 2025<meta itemprop=\"interactionCount\" content=\"UserComments:0\"\/><\/span><\/div><\/div><\/article><article class=\"post-16276 post type-post status-publish format-standard has-post-thumbnail hentry category-sin-categoria\"><div class=\"q_masonry_blog_post_image\"><a itemprop=\"url\" href=\"https:\/\/www.nou-us.com\/es\/las-cocinas-show\/\" target=\"_self\"><img decoding=\"async\" itemprop=\"image\" src=\"https:\/\/www.nou-us.com\/wp-content\/uploads\/2013\/10\/nou-us-disseny-interiors-blog-les-cuines-show.jpg\" alt=\"Les Cuines Show\" \/><\/a><\/div><div class=\"q_masonry_blog_post_text\"><h3 itemprop=\"name\" class=\"q_masonry_blog_title entry_title\"><a itemprop=\"url\" href=\"https:\/\/www.nou-us.com\/es\/las-cocinas-show\/\">Las Cocinas Show<\/a><\/h3><p itemprop=\"description\" class=\"q_masonry_blog_excerpt\">Vivimos tiempos acelerados, d\u00f3nde cocinar en casa a menudo se convierte en una carrera contra reloj. Ir a comprar, preparar, limpiar... todo en medio de un ritmo laboral que nos deja poco espacio para desconectar y cuidarnos. Por eso nace el concepto Cuines Show: un espacio donde la gastronom\u00eda y la vida cotidiana se encuentran para hacernos el d\u00eda a d\u00eda m\u00e1s f\u00e1cil y placentero. <a class=\"continue\" href=\"https:\/\/www.nou-us.com\/es\/las-cocinas-show\/\">&gt;&gt; CONTINUAR<span> Las Cocinas Show<\/span><\/a>...<\/p><div class=\"q_masonry_blog_post_info\"><span itemprop=\"dateCreated\" class=\"time entry_date updated\">26 octubre, 2025<meta itemprop=\"interactionCount\" content=\"UserComments:0\"\/><\/span><\/div><\/div><\/article><article class=\"post-16280 post type-post status-publish format-standard has-post-thumbnail hentry category-sin-categoria\"><div class=\"q_masonry_blog_post_image\"><a itemprop=\"url\" href=\"https:\/\/www.nou-us.com\/es\/generador-de-emociones\/\" target=\"_self\"><img decoding=\"async\" itemprop=\"image\" src=\"https:\/\/www.nou-us.com\/wp-content\/uploads\/2025\/10\/nou-us-disseny-interiors-blog-generador-emocions.jpg\" alt=\"Generador d\u2019emocions\" \/><\/a><\/div><div class=\"q_masonry_blog_post_text\"><h3 itemprop=\"name\" class=\"q_masonry_blog_title entry_title\"><a itemprop=\"url\" href=\"https:\/\/www.nou-us.com\/es\/generador-de-emociones\/\">Generador de emociones<\/a><\/h3><p itemprop=\"description\" class=\"q_masonry_blog_excerpt\">Cada a\u00f1o, millones de toneladas de pl\u00e1stico se producen en todo el mundo. Buena parte de estos materiales terminan en vertederos o en los oc\u00e9anos, afectando gravemente al medio ambiente ya la biodiversidad marina. Ante esta realidad, \u00bfc\u00f3mo podemos dar una nueva vida a estos residuos y convertirlos en algo hermoso, \u00fatil y duradero? <a class=\"continue\" href=\"https:\/\/www.nou-us.com\/es\/generador-de-emociones\/\">&gt;&gt; CONTINUAR<span> Generador de emociones<\/span><\/a>...<\/p><div class=\"q_masonry_blog_post_info\"><span itemprop=\"dateCreated\" class=\"time entry_date updated\">03 octubre, 2025<meta itemprop=\"interactionCount\" content=\"UserComments:0\"\/><\/span><\/div><\/div><\/article><\/div>[\/vc_column][\/vc_row][vc_row css_animation=\u00bb\u00bb row_type=\u00bbrow\u00bb use_row_as_full_screen_section=\u00bbno\u00bb type=\u00bbgrid\u00bb angled_section=\u00bbno\u00bb text_align=\u00bbleft\u00bb background_image_as_pattern=\u00bbwithout_pattern\u00bb z_index=\u00bb\u00bb padding_bottom=\u00bb75&#8243; padding_top=\u00bb25&#8243; css=\u00bb.vc_custom_1759830575593{background-color: #F8F8F8 !important;}\u00bb][vc_column width=\u00bb1\/4&#8243;][qode_elements_holder number_of_columns=\u00bbone_column\u00bb][qode_elements_holder_item advanced_animations=\u00bbno\u00bb background_color=\u00bb#7F6C66&#8243; item_padding=\u00bb25px 25px 25px 25px\u00bb][vc_empty_space height=\u00bb64&#8243;][vc_single_image image=\u00bb16205&#8243; css=\u00bb\u00bb qode_css_animation=\u00bb\u00bb][vc_empty_space height=\u00bb25&#8243;][vc_column_text css=\u00bb\u00bb]<\/p>\n<h2><span style=\"color: #ffffff;\">tu deseo<\/span><br \/>\n<span style=\"color: #ffffff;\">es mi<\/span><br \/>\n<span style=\"color: #ffffff;\">valor.<\/span><\/h2>\n<p>[\/vc_column_text][\/qode_elements_holder_item][\/qode_elements_holder][\/vc_column][vc_column width=\u00bb3\/4&#8243;][vc_single_image image=\u00bb16236&#8243; img_size=\u00bbfull\u00bb css=\u00bb\u00bb qode_css_animation=\u00bb\u00bb][\/vc_column][\/vc_row]<\/p>\n<\/div>","protected":false},"excerpt":{"rendered":"<p>[vc_row css_animation=\u00bb\u00bb row_type=\u00bbrow\u00bb use_row_as_full_screen_section=\u00bbno\u00bb type=\u00bbfull_width\u00bb angled_section=\u00bbno\u00bb text_align=\u00bbleft\u00bb background_image_as_pattern=\u00bbwithout_pattern\u00bb][vc_column offset=\u00bbvc_hidden-xs\u00bb][vc_single_image image=\u00bb16265&#8243; img_size=\u00bbfull\u00bb alignment=\u00bbcenter\u00bb css=\u00bb\u00bb qode_css_animation=\u00bb\u00bb][\/vc_column][\/vc_row][vc_row css_animation=\u00bb\u00bb row_type=\u00bbrow\u00bb use_row_as_full_screen_section=\u00bbno\u00bb type=\u00bbfull_width\u00bb angled_section=\u00bbno\u00bb text_align=\u00bbleft\u00bb background_image_as_pattern=\u00bbwithout_pattern\u00bb][vc_column offset=\u00bbvc_hidden-lg vc_hidden-md vc_hidden-sm\u00bb][vc_single_image image=\u00bb16267&#8243; img_size=\u00bbfull\u00bb alignment=\u00bbcenter\u00bb css=\u00bb\u00bb qode_css_animation=\u00bb\u00bb][\/vc_column][\/vc_row][vc_row css_animation=\u00bb\u00bb row_type=\u00bbrow\u00bb use_row_as_full_screen_section=\u00bbno\u00bb type=\u00bbfull_width\u00bb angled_section=\u00bbno\u00bb text_align=\u00bbleft\u00bb background_image_as_pattern=\u00bbwithout_pattern\u00bb css=\u00bb.vc_custom_1759398042439{background-color: #E8E3E1 !important;}\u00bb z_index=\u00bb\u00bb][vc_column][vc_separator type=\u00bbnormal\u00bb color=\u00bb#7F6C66&#8243; thickness=\u00bb1&#8243; up=\u00bb0&#8243; down=\u00bb0&#8243;][\/vc_column][\/vc_row][vc_row&hellip; <a class=\"continue\" href=\"https:\/\/www.nou-us.com\/es\/generador-de-emociones\/\">>> CONTINUAR<span> Generador de emociones<\/span><\/a> <a class=\"continue\" href=\"https:\/\/www.nou-us.com\/es\/generador-de-emociones\/\">>> CONTINUAR<span> Generador de emociones<\/span><\/a><\/p>\n","protected":false},"author":1,"featured_media":0,"parent":0,"menu_order":0,"comment_status":"open","ping_status":"open","template":"full_width.php","meta":{"footnotes":""},"class_list":["post-16250","page","type-page","status-publish","hentry"],"_links":{"self":[{"href":"https:\/\/www.nou-us.com\/es\/wp-json\/wp\/v2\/pages\/16250","targetHints":{"allow":["GET"]}}],"collection":[{"href":"https:\/\/www.nou-us.com\/es\/wp-json\/wp\/v2\/pages"}],"about":[{"href":"https:\/\/www.nou-us.com\/es\/wp-json\/wp\/v2\/types\/page"}],"author":[{"embeddable":true,"href":"https:\/\/www.nou-us.com\/es\/wp-json\/wp\/v2\/users\/1"}],"replies":[{"embeddable":true,"href":"https:\/\/www.nou-us.com\/es\/wp-json\/wp\/v2\/comments?post=16250"}],"version-history":[{"count":9,"href":"https:\/\/www.nou-us.com\/es\/wp-json\/wp\/v2\/pages\/16250\/revisions"}],"predecessor-version":[{"id":16368,"href":"https:\/\/www.nou-us.com\/es\/wp-json\/wp\/v2\/pages\/16250\/revisions\/16368"}],"wp:attachment":[{"href":"https:\/\/www.nou-us.com\/es\/wp-json\/wp\/v2\/media?parent=16250"}],"curies":[{"name":"wp","href":"https:\/\/api.w.org\/{rel}","templated":true}]}}